{"id":1021235,"date":"2026-01-20T20:29:18","date_gmt":"2026-01-20T19:29:18","guid":{"rendered":"https:\/\/scarabokki.it\/?product=costume-di-carnevale-giulietta"},"modified":"2026-01-22T13:06:54","modified_gmt":"2026-01-22T12:06:54","slug":"costume-di-carnevale-giulietta","status":"publish","type":"product","link":"https:\/\/scarabokki.it\/?product=costume-di-carnevale-giulietta","title":{"rendered":"Costume di Carnevale Giulietta"},"content":{"rendered":"<p style=\"margin: 0px 0px 10px;font-family: Roboto, sans-serif;font-size: 17px;font-style: normal;font-weight: 400;letter-spacing: normal;text-align: left;text-indent: 0px;text-transform: none\">Il costume giulietta \u00e8 disponibile in 4 taglie a partire da 3\/4 ANNI fino a 9\/10 ANNI.<\/p>\n<p style=\"margin: 0px 0px 10px;font-family: Roboto, sans-serif;font-size: 17px;font-style: normal;font-weight: 400;letter-spacing: normal;text-align: left;text-indent: 0px;text-transform: none\">Nel comodo sacchetto copriabito del costume da Giulietta troverai i seguenti elementi: vestito, sottogonna con due cerchi e copricapo floccato in tulle.<\/p>\n<p style=\"margin: 0px 0px 10px;font-family: Roboto, sans-serif;font-size: 17px;font-style: normal;font-weight: 400;letter-spacing: normal;text-align: left;text-indent: 0px;text-transform: none\">Il vestito \u00e8 realizzato in raso, tulle, sbiego lam\u00e8 e nastrino di raso.<\/p>\n<p style=\"margin: 0px 0px 10px;font-family: Roboto, sans-serif;font-size: 17px;font-style: normal;font-weight: 400;letter-spacing: normal;text-align: left;text-indent: 0px;text-transform: none\">Designer Italiano: vestito lungo in raso rosso e bianco alla parte anteriore, arricchito con nastrini e fiocchi di raso rosso sulla parte bianca, tutto il vestito \u00e8 decorato con passamaneria lam\u00e8, per concludere troviamo un toccato di raso imbottito con un velo sfloccato in tulle cucito sull&#8217;estremit\u00e0 posteriore.<\/p>\n<p style=\"margin: 0px 0px 10px;font-family: Roboto, sans-serif;font-size: 17px;font-style: normal;font-weight: 400;letter-spacing: normal;text-align: left;text-indent: 0px;text-transform: none\">Costume perfetto per feste di Compleanno, Travestimenti, feste a tema, Cosplay, giochi di finzione, giochi di ruolo, Carnevale e sfilate di Carnevale.<\/p>\n<p style=\"margin: 0px 0px 10px;font-family: Roboto, sans-serif;font-size: 17px;font-style: normal;font-weight: 400;letter-spacing: normal;text-align: left;text-indent: 0px;text-transform: none\">Materiale: tutte le parti 100% tessuti poliestere.<\/p>\n<p style=\"margin: 0px 0px 10px;font-family: Roboto, sans-serif;font-size: 17px;font-style: normal;font-weight: 400;letter-spacing: normal;text-align: left;text-indent: 0px;text-transform: none\">Avvertenze indossare sotto visione di un adulto.<\/p>\n<p style=\"margin: 0px 0px 10px;font-family: Roboto, sans-serif;font-size: 17px;font-style: normal;font-weight: 400;letter-spacing: normal;text-align: left;text-indent: 0px;text-transform: none\">Istruzione lavaggio: lavare a mano a bassa temperatura, lavare le parti separatamente, non strizzare, stirare a 110 gradi massimo a rovescio.<\/p>\n<p>&nbsp;<\/p>\n","protected":false},"excerpt":{"rendered":"<p>Il costume giulietta \u00e8 disponibile in 4 taglie a partire da 3\/4 ANNI fino a 9\/10 ANNI. Nel comodo sacchetto copriabito del costume da Giulietta troverai i seguenti elementi: vestito, sottogonna con due cerchi e copricapo floccato in tulle. Il vestito \u00e8 realizzato in raso, tulle, sbiego lam\u00e8 e nastrino di raso. Designer Italiano: vestito [&hellip;]<\/p>\n","protected":false},"featured_media":1021230,"comment_status":"open","ping_status":"closed","template":"","meta":{"_exactmetrics_skip_tracking":false,"_exactmetrics_sitenote_active":false,"_exactmetrics_sitenote_note":"","_exactmetrics_sitenote_category":0},"product_brand":[],"product_cat":[1198,1199],"product_tag":[],"class_list":{"0":"post-1021235","1":"product","2":"type-product","3":"status-publish","4":"has-post-thumbnail","6":"product_cat-carnevale","7":"product_cat-costumi-carnevale","9":"first","10":"onbackorder","11":"shipping-taxable","12":"purchasable","13":"product-type-variable"},"yoast_head":"<!-- This site is optimized with the Yoast SEO plugin v27.3 - https:\/\/yoast.com\/product\/yoast-seo-wordpress\/ -->\n<title>Costume di Carnevale Giulietta - Scarabokki<\/title>\n<meta name=\"robots\" content=\"index, follow, max-snippet:-1, max-image-preview:large, max-video-preview:-1\" \/>\n<link rel=\"canonical\" href=\"https:\/\/scarabokki.it\/?product=costume-di-carnevale-giulietta\" \/>\n<meta property=\"og:locale\" content=\"it_IT\" \/>\n<meta property=\"og:type\" content=\"article\" \/>\n<meta property=\"og:title\" content=\"Costume di Carnevale Giulietta - Scarabokki\" \/>\n<meta property=\"og:description\" content=\"Il costume giulietta \u00e8 disponibile in 4 taglie a partire da 3\/4 ANNI fino a 9\/10 ANNI. Nel comodo sacchetto copriabito del costume da Giulietta troverai i seguenti elementi: vestito, sottogonna con due cerchi e copricapo floccato in tulle. Il vestito \u00e8 realizzato in raso, tulle, sbiego lam\u00e8 e nastrino di raso. Designer Italiano: vestito [&hellip;]\" \/>\n<meta property=\"og:url\" content=\"https:\/\/scarabokki.it\/?product=costume-di-carnevale-giulietta\" \/>\n<meta property=\"og:site_name\" content=\"Scarabokki\" \/>\n<meta property=\"article:publisher\" content=\"https:\/\/www.facebook.com\/ScarabokkiPolicoroBernalda\" \/>\n<meta property=\"article:modified_time\" content=\"2026-01-22T12:06:54+00:00\" \/>\n<meta property=\"og:image\" content=\"https:\/\/scarabokki.it\/wp-content\/uploads\/2026\/01\/7084-000-12521.jpg\" \/>\n\t<meta property=\"og:image:width\" content=\"342\" \/>\n\t<meta property=\"og:image:height\" content=\"515\" \/>\n\t<meta property=\"og:image:type\" content=\"image\/jpeg\" \/>\n<meta name=\"twitter:card\" content=\"summary_large_image\" \/>\n<meta name=\"twitter:label1\" content=\"Tempo di lettura stimato\" \/>\n\t<meta name=\"twitter:data1\" content=\"1 minuto\" \/>\n<script type=\"application\/ld+json\" class=\"yoast-schema-graph\">{\"@context\":\"https:\\\/\\\/schema.org\",\"@graph\":[{\"@type\":\"WebPage\",\"@id\":\"https:\\\/\\\/scarabokki.it\\\/?product=costume-di-carnevale-giulietta\",\"url\":\"https:\\\/\\\/scarabokki.it\\\/?product=costume-di-carnevale-giulietta\",\"name\":\"Costume di Carnevale Giulietta - Scarabokki\",\"isPartOf\":{\"@id\":\"https:\\\/\\\/scarabokki.it\\\/#website\"},\"primaryImageOfPage\":{\"@id\":\"https:\\\/\\\/scarabokki.it\\\/?product=costume-di-carnevale-giulietta#primaryimage\"},\"image\":{\"@id\":\"https:\\\/\\\/scarabokki.it\\\/?product=costume-di-carnevale-giulietta#primaryimage\"},\"thumbnailUrl\":\"https:\\\/\\\/scarabokki.it\\\/wp-content\\\/uploads\\\/2026\\\/01\\\/7084-000-12521.jpg\",\"datePublished\":\"2026-01-20T19:29:18+00:00\",\"dateModified\":\"2026-01-22T12:06:54+00:00\",\"breadcrumb\":{\"@id\":\"https:\\\/\\\/scarabokki.it\\\/?product=costume-di-carnevale-giulietta#breadcrumb\"},\"inLanguage\":\"it-IT\",\"potentialAction\":[{\"@type\":\"ReadAction\",\"target\":[\"https:\\\/\\\/scarabokki.it\\\/?product=costume-di-carnevale-giulietta\"]}]},{\"@type\":\"ImageObject\",\"inLanguage\":\"it-IT\",\"@id\":\"https:\\\/\\\/scarabokki.it\\\/?product=costume-di-carnevale-giulietta#primaryimage\",\"url\":\"https:\\\/\\\/scarabokki.it\\\/wp-content\\\/uploads\\\/2026\\\/01\\\/7084-000-12521.jpg\",\"contentUrl\":\"https:\\\/\\\/scarabokki.it\\\/wp-content\\\/uploads\\\/2026\\\/01\\\/7084-000-12521.jpg\",\"width\":342,\"height\":515},{\"@type\":\"BreadcrumbList\",\"@id\":\"https:\\\/\\\/scarabokki.it\\\/?product=costume-di-carnevale-giulietta#breadcrumb\",\"itemListElement\":[{\"@type\":\"ListItem\",\"position\":1,\"name\":\"Home\",\"item\":\"https:\\\/\\\/scarabokki.it\\\/\"},{\"@type\":\"ListItem\",\"position\":2,\"name\":\"Negozio\",\"item\":\"https:\\\/\\\/scarabokki.it\\\/?page_id=9\"},{\"@type\":\"ListItem\",\"position\":3,\"name\":\"Costume di Carnevale Giulietta\"}]},{\"@type\":\"WebSite\",\"@id\":\"https:\\\/\\\/scarabokki.it\\\/#website\",\"url\":\"https:\\\/\\\/scarabokki.it\\\/\",\"name\":\"Scarabokki\",\"description\":\"Negozio di Abbigliamento Bambini e Donna\",\"publisher\":{\"@id\":\"https:\\\/\\\/scarabokki.it\\\/#organization\"},\"potentialAction\":[{\"@type\":\"SearchAction\",\"target\":{\"@type\":\"EntryPoint\",\"urlTemplate\":\"https:\\\/\\\/scarabokki.it\\\/?s={search_term_string}\"},\"query-input\":{\"@type\":\"PropertyValueSpecification\",\"valueRequired\":true,\"valueName\":\"search_term_string\"}}],\"inLanguage\":\"it-IT\"},{\"@type\":\"Organization\",\"@id\":\"https:\\\/\\\/scarabokki.it\\\/#organization\",\"name\":\"Scarabokki\",\"url\":\"https:\\\/\\\/scarabokki.it\\\/\",\"logo\":{\"@type\":\"ImageObject\",\"inLanguage\":\"it-IT\",\"@id\":\"https:\\\/\\\/scarabokki.it\\\/#\\\/schema\\\/logo\\\/image\\\/\",\"url\":\"https:\\\/\\\/scarabokki.it\\\/wp-content\\\/uploads\\\/2026\\\/01\\\/immagine-logo-scarabokki-2.jpg\",\"contentUrl\":\"https:\\\/\\\/scarabokki.it\\\/wp-content\\\/uploads\\\/2026\\\/01\\\/immagine-logo-scarabokki-2.jpg\",\"width\":897,\"height\":741,\"caption\":\"Scarabokki\"},\"image\":{\"@id\":\"https:\\\/\\\/scarabokki.it\\\/#\\\/schema\\\/logo\\\/image\\\/\"},\"sameAs\":[\"https:\\\/\\\/www.facebook.com\\\/ScarabokkiPolicoroBernalda\",\"https:\\\/\\\/www.instagram.com\\\/scarabokkipolicorobernalda\\\/\",\"https:\\\/\\\/www.tiktok.com\\\/@scarabokki.curvy?lang=it-IT\"]}]}<\/script>\n<!-- \/ Yoast SEO plugin. -->","yoast_head_json":{"title":"Costume di Carnevale Giulietta - Scarabokki","robots":{"index":"index","follow":"follow","max-snippet":"max-snippet:-1","max-image-preview":"max-image-preview:large","max-video-preview":"max-video-preview:-1"},"canonical":"https:\/\/scarabokki.it\/?product=costume-di-carnevale-giulietta","og_locale":"it_IT","og_type":"article","og_title":"Costume di Carnevale Giulietta - Scarabokki","og_description":"Il costume giulietta \u00e8 disponibile in 4 taglie a partire da 3\/4 ANNI fino a 9\/10 ANNI. Nel comodo sacchetto copriabito del costume da Giulietta troverai i seguenti elementi: vestito, sottogonna con due cerchi e copricapo floccato in tulle. Il vestito \u00e8 realizzato in raso, tulle, sbiego lam\u00e8 e nastrino di raso. Designer Italiano: vestito [&hellip;]","og_url":"https:\/\/scarabokki.it\/?product=costume-di-carnevale-giulietta","og_site_name":"Scarabokki","article_publisher":"https:\/\/www.facebook.com\/ScarabokkiPolicoroBernalda","article_modified_time":"2026-01-22T12:06:54+00:00","og_image":[{"width":342,"height":515,"url":"https:\/\/scarabokki.it\/wp-content\/uploads\/2026\/01\/7084-000-12521.jpg","type":"image\/jpeg"}],"twitter_card":"summary_large_image","twitter_misc":{"Tempo di lettura stimato":"1 minuto"},"schema":{"@context":"https:\/\/schema.org","@graph":[{"@type":"WebPage","@id":"https:\/\/scarabokki.it\/?product=costume-di-carnevale-giulietta","url":"https:\/\/scarabokki.it\/?product=costume-di-carnevale-giulietta","name":"Costume di Carnevale Giulietta - Scarabokki","isPartOf":{"@id":"https:\/\/scarabokki.it\/#website"},"primaryImageOfPage":{"@id":"https:\/\/scarabokki.it\/?product=costume-di-carnevale-giulietta#primaryimage"},"image":{"@id":"https:\/\/scarabokki.it\/?product=costume-di-carnevale-giulietta#primaryimage"},"thumbnailUrl":"https:\/\/scarabokki.it\/wp-content\/uploads\/2026\/01\/7084-000-12521.jpg","datePublished":"2026-01-20T19:29:18+00:00","dateModified":"2026-01-22T12:06:54+00:00","breadcrumb":{"@id":"https:\/\/scarabokki.it\/?product=costume-di-carnevale-giulietta#breadcrumb"},"inLanguage":"it-IT","potentialAction":[{"@type":"ReadAction","target":["https:\/\/scarabokki.it\/?product=costume-di-carnevale-giulietta"]}]},{"@type":"ImageObject","inLanguage":"it-IT","@id":"https:\/\/scarabokki.it\/?product=costume-di-carnevale-giulietta#primaryimage","url":"https:\/\/scarabokki.it\/wp-content\/uploads\/2026\/01\/7084-000-12521.jpg","contentUrl":"https:\/\/scarabokki.it\/wp-content\/uploads\/2026\/01\/7084-000-12521.jpg","width":342,"height":515},{"@type":"BreadcrumbList","@id":"https:\/\/scarabokki.it\/?product=costume-di-carnevale-giulietta#breadcrumb","itemListElement":[{"@type":"ListItem","position":1,"name":"Home","item":"https:\/\/scarabokki.it\/"},{"@type":"ListItem","position":2,"name":"Negozio","item":"https:\/\/scarabokki.it\/?page_id=9"},{"@type":"ListItem","position":3,"name":"Costume di Carnevale Giulietta"}]},{"@type":"WebSite","@id":"https:\/\/scarabokki.it\/#website","url":"https:\/\/scarabokki.it\/","name":"Scarabokki","description":"Negozio di Abbigliamento Bambini e Donna","publisher":{"@id":"https:\/\/scarabokki.it\/#organization"},"potentialAction":[{"@type":"SearchAction","target":{"@type":"EntryPoint","urlTemplate":"https:\/\/scarabokki.it\/?s={search_term_string}"},"query-input":{"@type":"PropertyValueSpecification","valueRequired":true,"valueName":"search_term_string"}}],"inLanguage":"it-IT"},{"@type":"Organization","@id":"https:\/\/scarabokki.it\/#organization","name":"Scarabokki","url":"https:\/\/scarabokki.it\/","logo":{"@type":"ImageObject","inLanguage":"it-IT","@id":"https:\/\/scarabokki.it\/#\/schema\/logo\/image\/","url":"https:\/\/scarabokki.it\/wp-content\/uploads\/2026\/01\/immagine-logo-scarabokki-2.jpg","contentUrl":"https:\/\/scarabokki.it\/wp-content\/uploads\/2026\/01\/immagine-logo-scarabokki-2.jpg","width":897,"height":741,"caption":"Scarabokki"},"image":{"@id":"https:\/\/scarabokki.it\/#\/schema\/logo\/image\/"},"sameAs":["https:\/\/www.facebook.com\/ScarabokkiPolicoroBernalda","https:\/\/www.instagram.com\/scarabokkipolicorobernalda\/","https:\/\/www.tiktok.com\/@scarabokki.curvy?lang=it-IT"]}]}},"_links":{"self":[{"href":"https:\/\/scarabokki.it\/index.php?rest_route=\/wp\/v2\/product\/1021235","targetHints":{"allow":["GET"]}}],"collection":[{"href":"https:\/\/scarabokki.it\/index.php?rest_route=\/wp\/v2\/product"}],"about":[{"href":"https:\/\/scarabokki.it\/index.php?rest_route=\/wp\/v2\/types\/product"}],"replies":[{"embeddable":true,"href":"https:\/\/scarabokki.it\/index.php?rest_route=%2Fwp%2Fv2%2Fcomments&post=1021235"}],"wp:featuredmedia":[{"embeddable":true,"href":"https:\/\/scarabokki.it\/index.php?rest_route=\/wp\/v2\/media\/1021230"}],"wp:attachment":[{"href":"https:\/\/scarabokki.it\/index.php?rest_route=%2Fwp%2Fv2%2Fmedia&parent=1021235"}],"wp:term":[{"taxonomy":"product_brand","embeddable":true,"href":"https:\/\/scarabokki.it\/index.php?rest_route=%2Fwp%2Fv2%2Fproduct_brand&post=1021235"},{"taxonomy":"product_cat","embeddable":true,"href":"https:\/\/scarabokki.it\/index.php?rest_route=%2Fwp%2Fv2%2Fproduct_cat&post=1021235"},{"taxonomy":"product_tag","embeddable":true,"href":"https:\/\/scarabokki.it\/index.php?rest_route=%2Fwp%2Fv2%2Fproduct_tag&post=1021235"}],"curies":[{"name":"wp","href":"https:\/\/api.w.org\/{rel}","templated":true}]}}