{"id":1021391,"date":"2026-02-06T20:18:33","date_gmt":"2026-02-06T19:18:33","guid":{"rendered":"https:\/\/scarabokki.it\/?product=costume-batman"},"modified":"2026-02-07T13:43:46","modified_gmt":"2026-02-07T12:43:46","slug":"costume-batman","status":"publish","type":"product","link":"https:\/\/scarabokki.it\/?product=costume-batman","title":{"rendered":"costume batman"},"content":{"rendered":"<p><span style=\"font-family: WorkSans, Helvetica, Arial, sans-serif;font-size: 16px;font-style: normal;font-weight: 400;letter-spacing: normal;text-align: -webkit-left;text-indent: 0px;text-transform: none;white-space: normal;display: inline !important;float: none\">\u00e9 probabilmente il personaggio pi\u00f9 famoso della dc comics: \u00e8 il cavaliere oscuro. di giorno era l&#8217;eccentrico magnate di gotham city bruce wayne, ma di notte batman il cavaliere oscuro era il miglior combattente del crimine di gotham city. insieme al suo partner robin, questo classico supereroe usa i suoi batarang, la sua batcycle e la sua batmobile per superare personaggi come l&#8217;enigmista, il pinguino e il joker.<\/span><br style=\"margin: 0px;padding: 0px;font-family: WorkSans, Helvetica, Arial, sans-serif;font-size: 16px;font-style: normal;font-weight: 400;letter-spacing: normal;text-align: -webkit-left;text-indent: 0px;text-transform: none;white-space: normal\" \/><span style=\"font-family: WorkSans, Helvetica, Arial, sans-serif;font-size: 16px;font-style: normal;font-weight: 400;letter-spacing: normal;text-align: -webkit-left;text-indent: 0px;text-transform: none;white-space: normal;display: inline !important;float: none\">Con questo costume di Batman, il Cavaliere Oscuro, anche tu potrai combattere contro i cattivi di Gotham City<\/span>&nbsp;<\/p>\n<p>il vestito comprende:<\/p>\n<p>tuta cappello e maschera<\/p>\n","protected":false},"excerpt":{"rendered":"<p>\u00e9 probabilmente il personaggio pi\u00f9 famoso della dc comics: \u00e8 il cavaliere oscuro. di giorno era l&#8217;eccentrico magnate di gotham city bruce wayne, ma di notte batman il cavaliere oscuro era il miglior combattente del crimine di gotham city. insieme al suo partner robin, questo classico supereroe usa i suoi batarang, la sua batcycle e [&hellip;]<\/p>\n","protected":false},"featured_media":1021425,"comment_status":"open","ping_status":"closed","template":"","meta":{"_exactmetrics_skip_tracking":false,"_exactmetrics_sitenote_active":false,"_exactmetrics_sitenote_note":"","_exactmetrics_sitenote_category":0},"product_brand":[],"product_cat":[1198,1199],"product_tag":[],"class_list":{"0":"post-1021391","1":"product","2":"type-product","3":"status-publish","4":"has-post-thumbnail","6":"product_cat-carnevale","7":"product_cat-costumi-carnevale","9":"first","10":"instock","11":"sale","12":"shipping-taxable","13":"purchasable","14":"product-type-variable"},"yoast_head":"<!-- This site is optimized with the Yoast SEO plugin v27.3 - https:\/\/yoast.com\/product\/yoast-seo-wordpress\/ -->\n<title>costume batman - Scarabokki<\/title>\n<meta name=\"robots\" content=\"index, follow, max-snippet:-1, max-image-preview:large, max-video-preview:-1\" \/>\n<link rel=\"canonical\" href=\"https:\/\/scarabokki.it\/?product=costume-batman\" \/>\n<meta property=\"og:locale\" content=\"it_IT\" \/>\n<meta property=\"og:type\" content=\"article\" \/>\n<meta property=\"og:title\" content=\"costume batman - Scarabokki\" \/>\n<meta property=\"og:description\" content=\"\u00e9 probabilmente il personaggio pi\u00f9 famoso della dc comics: \u00e8 il cavaliere oscuro. di giorno era l&#8217;eccentrico magnate di gotham city bruce wayne, ma di notte batman il cavaliere oscuro era il miglior combattente del crimine di gotham city. insieme al suo partner robin, questo classico supereroe usa i suoi batarang, la sua batcycle e [&hellip;]\" \/>\n<meta property=\"og:url\" content=\"https:\/\/scarabokki.it\/?product=costume-batman\" \/>\n<meta property=\"og:site_name\" content=\"Scarabokki\" \/>\n<meta property=\"article:publisher\" content=\"https:\/\/www.facebook.com\/ScarabokkiPolicoroBernalda\" \/>\n<meta property=\"article:modified_time\" content=\"2026-02-07T12:43:46+00:00\" \/>\n<meta property=\"og:image\" content=\"https:\/\/scarabokki.it\/wp-content\/uploads\/2026\/01\/immagine-logo-scarabokki-2.jpg\" \/>\n\t<meta property=\"og:image:width\" content=\"897\" \/>\n\t<meta property=\"og:image:height\" content=\"741\" \/>\n\t<meta property=\"og:image:type\" content=\"image\/jpeg\" \/>\n<meta name=\"twitter:card\" content=\"summary_large_image\" \/>\n<script type=\"application\/ld+json\" class=\"yoast-schema-graph\">{\"@context\":\"https:\\\/\\\/schema.org\",\"@graph\":[{\"@type\":\"WebPage\",\"@id\":\"https:\\\/\\\/scarabokki.it\\\/?product=costume-batman\",\"url\":\"https:\\\/\\\/scarabokki.it\\\/?product=costume-batman\",\"name\":\"costume batman - Scarabokki\",\"isPartOf\":{\"@id\":\"https:\\\/\\\/scarabokki.it\\\/#website\"},\"primaryImageOfPage\":{\"@id\":\"https:\\\/\\\/scarabokki.it\\\/?product=costume-batman#primaryimage\"},\"image\":{\"@id\":\"https:\\\/\\\/scarabokki.it\\\/?product=costume-batman#primaryimage\"},\"thumbnailUrl\":\"https:\\\/\\\/scarabokki.it\\\/wp-content\\\/uploads\\\/2026\\\/02\\\/301499-000-17541-1.jpg\",\"datePublished\":\"2026-02-06T19:18:33+00:00\",\"dateModified\":\"2026-02-07T12:43:46+00:00\",\"breadcrumb\":{\"@id\":\"https:\\\/\\\/scarabokki.it\\\/?product=costume-batman#breadcrumb\"},\"inLanguage\":\"it-IT\",\"potentialAction\":[{\"@type\":\"ReadAction\",\"target\":[\"https:\\\/\\\/scarabokki.it\\\/?product=costume-batman\"]}]},{\"@type\":\"ImageObject\",\"inLanguage\":\"it-IT\",\"@id\":\"https:\\\/\\\/scarabokki.it\\\/?product=costume-batman#primaryimage\",\"url\":\"https:\\\/\\\/scarabokki.it\\\/wp-content\\\/uploads\\\/2026\\\/02\\\/301499-000-17541-1.jpg\",\"contentUrl\":\"https:\\\/\\\/scarabokki.it\\\/wp-content\\\/uploads\\\/2026\\\/02\\\/301499-000-17541-1.jpg\",\"width\":589,\"height\":837},{\"@type\":\"BreadcrumbList\",\"@id\":\"https:\\\/\\\/scarabokki.it\\\/?product=costume-batman#breadcrumb\",\"itemListElement\":[{\"@type\":\"ListItem\",\"position\":1,\"name\":\"Home\",\"item\":\"https:\\\/\\\/scarabokki.it\\\/\"},{\"@type\":\"ListItem\",\"position\":2,\"name\":\"Negozio\",\"item\":\"https:\\\/\\\/scarabokki.it\\\/?page_id=9\"},{\"@type\":\"ListItem\",\"position\":3,\"name\":\"costume batman\"}]},{\"@type\":\"WebSite\",\"@id\":\"https:\\\/\\\/scarabokki.it\\\/#website\",\"url\":\"https:\\\/\\\/scarabokki.it\\\/\",\"name\":\"Scarabokki\",\"description\":\"Negozio di Abbigliamento Bambini e Donna\",\"publisher\":{\"@id\":\"https:\\\/\\\/scarabokki.it\\\/#organization\"},\"potentialAction\":[{\"@type\":\"SearchAction\",\"target\":{\"@type\":\"EntryPoint\",\"urlTemplate\":\"https:\\\/\\\/scarabokki.it\\\/?s={search_term_string}\"},\"query-input\":{\"@type\":\"PropertyValueSpecification\",\"valueRequired\":true,\"valueName\":\"search_term_string\"}}],\"inLanguage\":\"it-IT\"},{\"@type\":\"Organization\",\"@id\":\"https:\\\/\\\/scarabokki.it\\\/#organization\",\"name\":\"Scarabokki\",\"url\":\"https:\\\/\\\/scarabokki.it\\\/\",\"logo\":{\"@type\":\"ImageObject\",\"inLanguage\":\"it-IT\",\"@id\":\"https:\\\/\\\/scarabokki.it\\\/#\\\/schema\\\/logo\\\/image\\\/\",\"url\":\"https:\\\/\\\/scarabokki.it\\\/wp-content\\\/uploads\\\/2026\\\/01\\\/immagine-logo-scarabokki-2.jpg\",\"contentUrl\":\"https:\\\/\\\/scarabokki.it\\\/wp-content\\\/uploads\\\/2026\\\/01\\\/immagine-logo-scarabokki-2.jpg\",\"width\":897,\"height\":741,\"caption\":\"Scarabokki\"},\"image\":{\"@id\":\"https:\\\/\\\/scarabokki.it\\\/#\\\/schema\\\/logo\\\/image\\\/\"},\"sameAs\":[\"https:\\\/\\\/www.facebook.com\\\/ScarabokkiPolicoroBernalda\",\"https:\\\/\\\/www.instagram.com\\\/scarabokkipolicorobernalda\\\/\",\"https:\\\/\\\/www.tiktok.com\\\/@scarabokki.curvy?lang=it-IT\"]}]}<\/script>\n<!-- \/ Yoast SEO plugin. -->","yoast_head_json":{"title":"costume batman - Scarabokki","robots":{"index":"index","follow":"follow","max-snippet":"max-snippet:-1","max-image-preview":"max-image-preview:large","max-video-preview":"max-video-preview:-1"},"canonical":"https:\/\/scarabokki.it\/?product=costume-batman","og_locale":"it_IT","og_type":"article","og_title":"costume batman - Scarabokki","og_description":"\u00e9 probabilmente il personaggio pi\u00f9 famoso della dc comics: \u00e8 il cavaliere oscuro. di giorno era l&#8217;eccentrico magnate di gotham city bruce wayne, ma di notte batman il cavaliere oscuro era il miglior combattente del crimine di gotham city. insieme al suo partner robin, questo classico supereroe usa i suoi batarang, la sua batcycle e [&hellip;]","og_url":"https:\/\/scarabokki.it\/?product=costume-batman","og_site_name":"Scarabokki","article_publisher":"https:\/\/www.facebook.com\/ScarabokkiPolicoroBernalda","article_modified_time":"2026-02-07T12:43:46+00:00","og_image":[{"width":897,"height":741,"url":"https:\/\/scarabokki.it\/wp-content\/uploads\/2026\/01\/immagine-logo-scarabokki-2.jpg","type":"image\/jpeg"}],"twitter_card":"summary_large_image","schema":{"@context":"https:\/\/schema.org","@graph":[{"@type":"WebPage","@id":"https:\/\/scarabokki.it\/?product=costume-batman","url":"https:\/\/scarabokki.it\/?product=costume-batman","name":"costume batman - Scarabokki","isPartOf":{"@id":"https:\/\/scarabokki.it\/#website"},"primaryImageOfPage":{"@id":"https:\/\/scarabokki.it\/?product=costume-batman#primaryimage"},"image":{"@id":"https:\/\/scarabokki.it\/?product=costume-batman#primaryimage"},"thumbnailUrl":"https:\/\/scarabokki.it\/wp-content\/uploads\/2026\/02\/301499-000-17541-1.jpg","datePublished":"2026-02-06T19:18:33+00:00","dateModified":"2026-02-07T12:43:46+00:00","breadcrumb":{"@id":"https:\/\/scarabokki.it\/?product=costume-batman#breadcrumb"},"inLanguage":"it-IT","potentialAction":[{"@type":"ReadAction","target":["https:\/\/scarabokki.it\/?product=costume-batman"]}]},{"@type":"ImageObject","inLanguage":"it-IT","@id":"https:\/\/scarabokki.it\/?product=costume-batman#primaryimage","url":"https:\/\/scarabokki.it\/wp-content\/uploads\/2026\/02\/301499-000-17541-1.jpg","contentUrl":"https:\/\/scarabokki.it\/wp-content\/uploads\/2026\/02\/301499-000-17541-1.jpg","width":589,"height":837},{"@type":"BreadcrumbList","@id":"https:\/\/scarabokki.it\/?product=costume-batman#breadcrumb","itemListElement":[{"@type":"ListItem","position":1,"name":"Home","item":"https:\/\/scarabokki.it\/"},{"@type":"ListItem","position":2,"name":"Negozio","item":"https:\/\/scarabokki.it\/?page_id=9"},{"@type":"ListItem","position":3,"name":"costume batman"}]},{"@type":"WebSite","@id":"https:\/\/scarabokki.it\/#website","url":"https:\/\/scarabokki.it\/","name":"Scarabokki","description":"Negozio di Abbigliamento Bambini e Donna","publisher":{"@id":"https:\/\/scarabokki.it\/#organization"},"potentialAction":[{"@type":"SearchAction","target":{"@type":"EntryPoint","urlTemplate":"https:\/\/scarabokki.it\/?s={search_term_string}"},"query-input":{"@type":"PropertyValueSpecification","valueRequired":true,"valueName":"search_term_string"}}],"inLanguage":"it-IT"},{"@type":"Organization","@id":"https:\/\/scarabokki.it\/#organization","name":"Scarabokki","url":"https:\/\/scarabokki.it\/","logo":{"@type":"ImageObject","inLanguage":"it-IT","@id":"https:\/\/scarabokki.it\/#\/schema\/logo\/image\/","url":"https:\/\/scarabokki.it\/wp-content\/uploads\/2026\/01\/immagine-logo-scarabokki-2.jpg","contentUrl":"https:\/\/scarabokki.it\/wp-content\/uploads\/2026\/01\/immagine-logo-scarabokki-2.jpg","width":897,"height":741,"caption":"Scarabokki"},"image":{"@id":"https:\/\/scarabokki.it\/#\/schema\/logo\/image\/"},"sameAs":["https:\/\/www.facebook.com\/ScarabokkiPolicoroBernalda","https:\/\/www.instagram.com\/scarabokkipolicorobernalda\/","https:\/\/www.tiktok.com\/@scarabokki.curvy?lang=it-IT"]}]}},"_links":{"self":[{"href":"https:\/\/scarabokki.it\/index.php?rest_route=\/wp\/v2\/product\/1021391","targetHints":{"allow":["GET"]}}],"collection":[{"href":"https:\/\/scarabokki.it\/index.php?rest_route=\/wp\/v2\/product"}],"about":[{"href":"https:\/\/scarabokki.it\/index.php?rest_route=\/wp\/v2\/types\/product"}],"replies":[{"embeddable":true,"href":"https:\/\/scarabokki.it\/index.php?rest_route=%2Fwp%2Fv2%2Fcomments&post=1021391"}],"wp:featuredmedia":[{"embeddable":true,"href":"https:\/\/scarabokki.it\/index.php?rest_route=\/wp\/v2\/media\/1021425"}],"wp:attachment":[{"href":"https:\/\/scarabokki.it\/index.php?rest_route=%2Fwp%2Fv2%2Fmedia&parent=1021391"}],"wp:term":[{"taxonomy":"product_brand","embeddable":true,"href":"https:\/\/scarabokki.it\/index.php?rest_route=%2Fwp%2Fv2%2Fproduct_brand&post=1021391"},{"taxonomy":"product_cat","embeddable":true,"href":"https:\/\/scarabokki.it\/index.php?rest_route=%2Fwp%2Fv2%2Fproduct_cat&post=1021391"},{"taxonomy":"product_tag","embeddable":true,"href":"https:\/\/scarabokki.it\/index.php?rest_route=%2Fwp%2Fv2%2Fproduct_tag&post=1021391"}],"curies":[{"name":"wp","href":"https:\/\/api.w.org\/{rel}","templated":true}]}}