{"id":1021402,"date":"2026-02-06T20:18:35","date_gmt":"2026-02-06T19:18:35","guid":{"rendered":"https:\/\/scarabokki.it\/?product=costume-di-carnevale-flash-marvel-super-eroi"},"modified":"2026-02-06T20:18:57","modified_gmt":"2026-02-06T19:18:57","slug":"costume-di-carnevale-flash-marvel-super-eroi","status":"publish","type":"product","link":"https:\/\/scarabokki.it\/?product=costume-di-carnevale-flash-marvel-super-eroi","title":{"rendered":"COSTUME DI CARNEVALE flash marvel super eroi"},"content":{"rendered":"<h2 class=\"u-bold text--md u-marg-b-0 u-text-md\" style=\"font-family: metropolis, Montesserat, Poppins, Arial, sans-serif;font-weight: 700;line-height: 1.7;margin-bottom: 0px;margin-top: 0px;font-size: 1.6rem;font-style: normal;letter-spacing: normal;text-align: start;text-indent: 0px;text-transform: none;white-space: normal\">Un fulmine!<\/h2>\n<p class=\"u-marg-0\" style=\"margin: 0px;line-height: 1.7;font-family: metropolis, Montesserat, Poppins, Arial, sans-serif;font-size: 13px;font-style: normal;font-weight: 400;letter-spacing: normal;text-align: start;text-indent: 0px;text-transform: none;white-space: normal\">\n<p style=\"margin-top: unset !important;margin-right: 0px;margin-bottom: 0px;margin-left: 0px;line-height: 1.7;font-family: metropolis, Montesserat, Poppins, Arial, sans-serif;font-size: 13px;font-style: normal;font-weight: 400;letter-spacing: normal;text-align: start;text-indent: 0px;text-transform: none;white-space: normal\">Questo&nbsp;<strong style=\"font-weight: 700\">travestimento<span>&nbsp;<\/span><\/strong>da<span>&nbsp;<\/span><strong style=\"font-weight: 700\">Flash<\/strong>&amp;TRADE; per<span>&nbsp;<\/span><strong style=\"font-weight: 700\">bambino<span>&nbsp;<\/span><\/strong>\u00e8<strong style=\"font-weight: 700\">&nbsp;<\/strong>in licenza ufficiale ed \u00e8 composto da una tuta ed una maschera.<\/p>\n<p style=\"margin-top: unset !important;margin-right: 0px;margin-bottom: 0px;margin-left: 0px;line-height: 1.7;font-family: metropolis, Montesserat, Poppins, Arial, sans-serif;font-size: 13px;font-style: normal;font-weight: 400;letter-spacing: normal;text-align: start;text-indent: 0px;text-transform: none;white-space: normal\">&nbsp;<\/p>\n<p style=\"margin-top: unset !important;margin-right: 0px;margin-bottom: 0px;margin-left: 0px;line-height: 1.7;font-family: metropolis, Montesserat, Poppins, Arial, sans-serif;font-size: 13px;font-style: normal;font-weight: 400;letter-spacing: normal;text-align: start;text-indent: 0px;text-transform: none;white-space: normal\">La tuta \u00e9 a maniche lunghe e di colore rosso, si chiude nella parte posteriore grazie a delle chiusure a strappo. Al centro del petto \u00e9 presente un fulmine. La maschera \u00e9 in pvc e si mantiene al viso con un elastico.<\/p>\n<p style=\"margin-top: unset !important;margin-right: 0px;margin-bottom: 0px;margin-left: 0px;line-height: 1.7;font-family: metropolis, Montesserat, Poppins, Arial, sans-serif;font-size: 13px;font-style: normal;font-weight: 400;letter-spacing: normal;text-align: start;text-indent: 0px;text-transform: none;white-space: normal\">&nbsp;<\/p>\n<p style=\"margin-top: unset !important;margin-right: 0px;margin-bottom: 0px;margin-left: 0px;line-height: 1.7;font-family: metropolis, Montesserat, Poppins, Arial, sans-serif;font-size: 13px;font-style: normal;font-weight: 400;letter-spacing: normal;text-align: start;text-indent: 0px;text-transform: none;white-space: normal\">Sar\u00e0 un costume perfetto per una festa in maschera, per un<span>&nbsp;<\/span><strong style=\"font-weight: 700\">compleanno<span>&nbsp;<\/span><\/strong>a tema, per<span>&nbsp;<\/span><strong style=\"font-weight: 700\">carnevale<span>&nbsp;<\/span><\/strong>o un evento<span>&nbsp;<\/span><strong style=\"font-weight: 700\">cosplay<\/strong>!<\/p>\n<p>&nbsp;<\/p>\n","protected":false},"excerpt":{"rendered":"<p>Un fulmine! Questo&nbsp;travestimento&nbsp;da&nbsp;Flash&amp;TRADE; per&nbsp;bambino&nbsp;\u00e8&nbsp;in licenza ufficiale ed \u00e8 composto da una tuta ed una maschera. &nbsp; La tuta \u00e9 a maniche lunghe e di colore rosso, si chiude nella parte posteriore grazie a delle chiusure a strappo. Al centro del petto \u00e9 presente un fulmine. La maschera \u00e9 in pvc e si mantiene al viso [&hellip;]<\/p>\n","protected":false},"featured_media":1021383,"comment_status":"open","ping_status":"closed","template":"","meta":{"_exactmetrics_skip_tracking":false,"_exactmetrics_sitenote_active":false,"_exactmetrics_sitenote_note":"","_exactmetrics_sitenote_category":0},"product_brand":[],"product_cat":[1198,1199],"product_tag":[],"class_list":{"0":"post-1021402","1":"product","2":"type-product","3":"status-publish","4":"has-post-thumbnail","6":"product_cat-carnevale","7":"product_cat-costumi-carnevale","9":"first","10":"instock","11":"shipping-taxable","12":"purchasable","13":"product-type-variable"},"yoast_head":"<!-- This site is optimized with the Yoast SEO plugin v27.3 - https:\/\/yoast.com\/product\/yoast-seo-wordpress\/ -->\n<title>COSTUME DI CARNEVALE flash marvel super eroi - Scarabokki<\/title>\n<meta name=\"robots\" content=\"index, follow, max-snippet:-1, max-image-preview:large, max-video-preview:-1\" \/>\n<link rel=\"canonical\" href=\"https:\/\/scarabokki.it\/?product=costume-di-carnevale-flash-marvel-super-eroi\" \/>\n<meta property=\"og:locale\" content=\"it_IT\" \/>\n<meta property=\"og:type\" content=\"article\" \/>\n<meta property=\"og:title\" content=\"COSTUME DI CARNEVALE flash marvel super eroi - Scarabokki\" \/>\n<meta property=\"og:description\" content=\"Un fulmine! Questo&nbsp;travestimento&nbsp;da&nbsp;Flash&amp;TRADE; per&nbsp;bambino&nbsp;\u00e8&nbsp;in licenza ufficiale ed \u00e8 composto da una tuta ed una maschera. &nbsp; La tuta \u00e9 a maniche lunghe e di colore rosso, si chiude nella parte posteriore grazie a delle chiusure a strappo. Al centro del petto \u00e9 presente un fulmine. La maschera \u00e9 in pvc e si mantiene al viso [&hellip;]\" \/>\n<meta property=\"og:url\" content=\"https:\/\/scarabokki.it\/?product=costume-di-carnevale-flash-marvel-super-eroi\" \/>\n<meta property=\"og:site_name\" content=\"Scarabokki\" \/>\n<meta property=\"article:publisher\" content=\"https:\/\/www.facebook.com\/ScarabokkiPolicoroBernalda\" \/>\n<meta property=\"article:modified_time\" content=\"2026-02-06T19:18:57+00:00\" \/>\n<meta property=\"og:image\" content=\"https:\/\/scarabokki.it\/wp-content\/uploads\/2026\/01\/immagine-logo-scarabokki-2.jpg\" \/>\n\t<meta property=\"og:image:width\" content=\"897\" \/>\n\t<meta property=\"og:image:height\" content=\"741\" \/>\n\t<meta property=\"og:image:type\" content=\"image\/jpeg\" \/>\n<meta name=\"twitter:card\" content=\"summary_large_image\" \/>\n<script type=\"application\/ld+json\" class=\"yoast-schema-graph\">{\"@context\":\"https:\\\/\\\/schema.org\",\"@graph\":[{\"@type\":\"WebPage\",\"@id\":\"https:\\\/\\\/scarabokki.it\\\/?product=costume-di-carnevale-flash-marvel-super-eroi\",\"url\":\"https:\\\/\\\/scarabokki.it\\\/?product=costume-di-carnevale-flash-marvel-super-eroi\",\"name\":\"COSTUME DI CARNEVALE flash marvel super eroi - Scarabokki\",\"isPartOf\":{\"@id\":\"https:\\\/\\\/scarabokki.it\\\/#website\"},\"primaryImageOfPage\":{\"@id\":\"https:\\\/\\\/scarabokki.it\\\/?product=costume-di-carnevale-flash-marvel-super-eroi#primaryimage\"},\"image\":{\"@id\":\"https:\\\/\\\/scarabokki.it\\\/?product=costume-di-carnevale-flash-marvel-super-eroi#primaryimage\"},\"thumbnailUrl\":\"https:\\\/\\\/scarabokki.it\\\/wp-content\\\/uploads\\\/2026\\\/02\\\/630860-000-14163.jpg\",\"datePublished\":\"2026-02-06T19:18:35+00:00\",\"dateModified\":\"2026-02-06T19:18:57+00:00\",\"breadcrumb\":{\"@id\":\"https:\\\/\\\/scarabokki.it\\\/?product=costume-di-carnevale-flash-marvel-super-eroi#breadcrumb\"},\"inLanguage\":\"it-IT\",\"potentialAction\":[{\"@type\":\"ReadAction\",\"target\":[\"https:\\\/\\\/scarabokki.it\\\/?product=costume-di-carnevale-flash-marvel-super-eroi\"]}]},{\"@type\":\"ImageObject\",\"inLanguage\":\"it-IT\",\"@id\":\"https:\\\/\\\/scarabokki.it\\\/?product=costume-di-carnevale-flash-marvel-super-eroi#primaryimage\",\"url\":\"https:\\\/\\\/scarabokki.it\\\/wp-content\\\/uploads\\\/2026\\\/02\\\/630860-000-14163.jpg\",\"contentUrl\":\"https:\\\/\\\/scarabokki.it\\\/wp-content\\\/uploads\\\/2026\\\/02\\\/630860-000-14163.jpg\",\"width\":871,\"height\":1232},{\"@type\":\"BreadcrumbList\",\"@id\":\"https:\\\/\\\/scarabokki.it\\\/?product=costume-di-carnevale-flash-marvel-super-eroi#breadcrumb\",\"itemListElement\":[{\"@type\":\"ListItem\",\"position\":1,\"name\":\"Home\",\"item\":\"https:\\\/\\\/scarabokki.it\\\/\"},{\"@type\":\"ListItem\",\"position\":2,\"name\":\"Negozio\",\"item\":\"https:\\\/\\\/scarabokki.it\\\/?page_id=9\"},{\"@type\":\"ListItem\",\"position\":3,\"name\":\"COSTUME DI CARNEVALE flash marvel super eroi\"}]},{\"@type\":\"WebSite\",\"@id\":\"https:\\\/\\\/scarabokki.it\\\/#website\",\"url\":\"https:\\\/\\\/scarabokki.it\\\/\",\"name\":\"Scarabokki\",\"description\":\"Negozio di Abbigliamento Bambini e Donna\",\"publisher\":{\"@id\":\"https:\\\/\\\/scarabokki.it\\\/#organization\"},\"potentialAction\":[{\"@type\":\"SearchAction\",\"target\":{\"@type\":\"EntryPoint\",\"urlTemplate\":\"https:\\\/\\\/scarabokki.it\\\/?s={search_term_string}\"},\"query-input\":{\"@type\":\"PropertyValueSpecification\",\"valueRequired\":true,\"valueName\":\"search_term_string\"}}],\"inLanguage\":\"it-IT\"},{\"@type\":\"Organization\",\"@id\":\"https:\\\/\\\/scarabokki.it\\\/#organization\",\"name\":\"Scarabokki\",\"url\":\"https:\\\/\\\/scarabokki.it\\\/\",\"logo\":{\"@type\":\"ImageObject\",\"inLanguage\":\"it-IT\",\"@id\":\"https:\\\/\\\/scarabokki.it\\\/#\\\/schema\\\/logo\\\/image\\\/\",\"url\":\"https:\\\/\\\/scarabokki.it\\\/wp-content\\\/uploads\\\/2026\\\/01\\\/immagine-logo-scarabokki-2.jpg\",\"contentUrl\":\"https:\\\/\\\/scarabokki.it\\\/wp-content\\\/uploads\\\/2026\\\/01\\\/immagine-logo-scarabokki-2.jpg\",\"width\":897,\"height\":741,\"caption\":\"Scarabokki\"},\"image\":{\"@id\":\"https:\\\/\\\/scarabokki.it\\\/#\\\/schema\\\/logo\\\/image\\\/\"},\"sameAs\":[\"https:\\\/\\\/www.facebook.com\\\/ScarabokkiPolicoroBernalda\",\"https:\\\/\\\/www.instagram.com\\\/scarabokkipolicorobernalda\\\/\",\"https:\\\/\\\/www.tiktok.com\\\/@scarabokki.curvy?lang=it-IT\"]}]}<\/script>\n<!-- \/ Yoast SEO plugin. -->","yoast_head_json":{"title":"COSTUME DI CARNEVALE flash marvel super eroi - Scarabokki","robots":{"index":"index","follow":"follow","max-snippet":"max-snippet:-1","max-image-preview":"max-image-preview:large","max-video-preview":"max-video-preview:-1"},"canonical":"https:\/\/scarabokki.it\/?product=costume-di-carnevale-flash-marvel-super-eroi","og_locale":"it_IT","og_type":"article","og_title":"COSTUME DI CARNEVALE flash marvel super eroi - Scarabokki","og_description":"Un fulmine! Questo&nbsp;travestimento&nbsp;da&nbsp;Flash&amp;TRADE; per&nbsp;bambino&nbsp;\u00e8&nbsp;in licenza ufficiale ed \u00e8 composto da una tuta ed una maschera. &nbsp; La tuta \u00e9 a maniche lunghe e di colore rosso, si chiude nella parte posteriore grazie a delle chiusure a strappo. Al centro del petto \u00e9 presente un fulmine. La maschera \u00e9 in pvc e si mantiene al viso [&hellip;]","og_url":"https:\/\/scarabokki.it\/?product=costume-di-carnevale-flash-marvel-super-eroi","og_site_name":"Scarabokki","article_publisher":"https:\/\/www.facebook.com\/ScarabokkiPolicoroBernalda","article_modified_time":"2026-02-06T19:18:57+00:00","og_image":[{"width":897,"height":741,"url":"https:\/\/scarabokki.it\/wp-content\/uploads\/2026\/01\/immagine-logo-scarabokki-2.jpg","type":"image\/jpeg"}],"twitter_card":"summary_large_image","schema":{"@context":"https:\/\/schema.org","@graph":[{"@type":"WebPage","@id":"https:\/\/scarabokki.it\/?product=costume-di-carnevale-flash-marvel-super-eroi","url":"https:\/\/scarabokki.it\/?product=costume-di-carnevale-flash-marvel-super-eroi","name":"COSTUME DI CARNEVALE flash marvel super eroi - Scarabokki","isPartOf":{"@id":"https:\/\/scarabokki.it\/#website"},"primaryImageOfPage":{"@id":"https:\/\/scarabokki.it\/?product=costume-di-carnevale-flash-marvel-super-eroi#primaryimage"},"image":{"@id":"https:\/\/scarabokki.it\/?product=costume-di-carnevale-flash-marvel-super-eroi#primaryimage"},"thumbnailUrl":"https:\/\/scarabokki.it\/wp-content\/uploads\/2026\/02\/630860-000-14163.jpg","datePublished":"2026-02-06T19:18:35+00:00","dateModified":"2026-02-06T19:18:57+00:00","breadcrumb":{"@id":"https:\/\/scarabokki.it\/?product=costume-di-carnevale-flash-marvel-super-eroi#breadcrumb"},"inLanguage":"it-IT","potentialAction":[{"@type":"ReadAction","target":["https:\/\/scarabokki.it\/?product=costume-di-carnevale-flash-marvel-super-eroi"]}]},{"@type":"ImageObject","inLanguage":"it-IT","@id":"https:\/\/scarabokki.it\/?product=costume-di-carnevale-flash-marvel-super-eroi#primaryimage","url":"https:\/\/scarabokki.it\/wp-content\/uploads\/2026\/02\/630860-000-14163.jpg","contentUrl":"https:\/\/scarabokki.it\/wp-content\/uploads\/2026\/02\/630860-000-14163.jpg","width":871,"height":1232},{"@type":"BreadcrumbList","@id":"https:\/\/scarabokki.it\/?product=costume-di-carnevale-flash-marvel-super-eroi#breadcrumb","itemListElement":[{"@type":"ListItem","position":1,"name":"Home","item":"https:\/\/scarabokki.it\/"},{"@type":"ListItem","position":2,"name":"Negozio","item":"https:\/\/scarabokki.it\/?page_id=9"},{"@type":"ListItem","position":3,"name":"COSTUME DI CARNEVALE flash marvel super eroi"}]},{"@type":"WebSite","@id":"https:\/\/scarabokki.it\/#website","url":"https:\/\/scarabokki.it\/","name":"Scarabokki","description":"Negozio di Abbigliamento Bambini e Donna","publisher":{"@id":"https:\/\/scarabokki.it\/#organization"},"potentialAction":[{"@type":"SearchAction","target":{"@type":"EntryPoint","urlTemplate":"https:\/\/scarabokki.it\/?s={search_term_string}"},"query-input":{"@type":"PropertyValueSpecification","valueRequired":true,"valueName":"search_term_string"}}],"inLanguage":"it-IT"},{"@type":"Organization","@id":"https:\/\/scarabokki.it\/#organization","name":"Scarabokki","url":"https:\/\/scarabokki.it\/","logo":{"@type":"ImageObject","inLanguage":"it-IT","@id":"https:\/\/scarabokki.it\/#\/schema\/logo\/image\/","url":"https:\/\/scarabokki.it\/wp-content\/uploads\/2026\/01\/immagine-logo-scarabokki-2.jpg","contentUrl":"https:\/\/scarabokki.it\/wp-content\/uploads\/2026\/01\/immagine-logo-scarabokki-2.jpg","width":897,"height":741,"caption":"Scarabokki"},"image":{"@id":"https:\/\/scarabokki.it\/#\/schema\/logo\/image\/"},"sameAs":["https:\/\/www.facebook.com\/ScarabokkiPolicoroBernalda","https:\/\/www.instagram.com\/scarabokkipolicorobernalda\/","https:\/\/www.tiktok.com\/@scarabokki.curvy?lang=it-IT"]}]}},"_links":{"self":[{"href":"https:\/\/scarabokki.it\/index.php?rest_route=\/wp\/v2\/product\/1021402","targetHints":{"allow":["GET"]}}],"collection":[{"href":"https:\/\/scarabokki.it\/index.php?rest_route=\/wp\/v2\/product"}],"about":[{"href":"https:\/\/scarabokki.it\/index.php?rest_route=\/wp\/v2\/types\/product"}],"replies":[{"embeddable":true,"href":"https:\/\/scarabokki.it\/index.php?rest_route=%2Fwp%2Fv2%2Fcomments&post=1021402"}],"wp:featuredmedia":[{"embeddable":true,"href":"https:\/\/scarabokki.it\/index.php?rest_route=\/wp\/v2\/media\/1021383"}],"wp:attachment":[{"href":"https:\/\/scarabokki.it\/index.php?rest_route=%2Fwp%2Fv2%2Fmedia&parent=1021402"}],"wp:term":[{"taxonomy":"product_brand","embeddable":true,"href":"https:\/\/scarabokki.it\/index.php?rest_route=%2Fwp%2Fv2%2Fproduct_brand&post=1021402"},{"taxonomy":"product_cat","embeddable":true,"href":"https:\/\/scarabokki.it\/index.php?rest_route=%2Fwp%2Fv2%2Fproduct_cat&post=1021402"},{"taxonomy":"product_tag","embeddable":true,"href":"https:\/\/scarabokki.it\/index.php?rest_route=%2Fwp%2Fv2%2Fproduct_tag&post=1021402"}],"curies":[{"name":"wp","href":"https:\/\/api.w.org\/{rel}","templated":true}]}}