{"id":873388,"date":"2024-05-12T09:39:49","date_gmt":"2024-05-12T07:39:49","guid":{"rendered":"https:\/\/scarabokki.it\/prodotto\/calzino-bimbo-con-risvolto\/"},"modified":"2024-05-12T09:49:26","modified_gmt":"2024-05-12T07:49:26","slug":"calzino-bimbo-con-risvolto","status":"publish","type":"product","link":"https:\/\/scarabokki.it\/?product=calzino-bimbo-con-risvolto","title":{"rendered":"CALZINO BIMBO CON RISVOLTO"},"content":{"rendered":"<p>  CALZINO BIMBO CON RISVOLTO ALTO ALLA CAVIGLIA DECORO QUADRATINI <\/p>\n<p>  GUIDA TAGLIA <\/p>\n<p>  000=11-12 PIEDE <\/p>\n<p>  00= 13-14 PIEDE <\/p>\n<p>  0 =15-16 PIEDE <\/p>\n<p>  I = 17\/19 PIEDE <\/p>\n<p>  II = 19\/20 PIEDE <\/p>\n<p>  III= 21\/22 PIEDE <\/p>\n<p>  QUESTA CALZA \u00e8 REALIZZATA CON FIBRE NATURALI E DI QUALIT\u00e0 , CONFORTEVOLE, TRASPIRANTE  E MULTIUSO. SAR\u00e0 LA TUA COMPAGNA E DONER\u00e0 AL PIEDE COMFORT E IGIENE. <\/p>\n<p>  100% COTONE <\/p>\n<p>  MADE IN ITALY <\/p>\n<p>  TUTTI I PRODOTTI SONO GARANTITI SECONDO LE LEGGI VIGENTI SUL TERRITORIO NAZIONALE.<\/p>\n<p>  I PRODOTTI VENGONO SPEDITI ENTRO 24\/48 ORE DAL RICEVIMENTO DEL PAGAMENTO A MEZZO  CORRIERE ESPRESSO FATTO SALVO LA DISPONIBILITA&rsquo; DI MAGAZZINO. <\/p>\n<p>  LA RINGRAZIAMO PER AVER SCELTO LA NOSTRA AZIENDA. <\/p>\n<p>  <b>SPEDIZIONE E RESO SEMPRE GRATUITO*<\/b> <\/p>\n<p>  &nbsp;<\/p>\n<p>  QUESTA CALZA \u00e8 REALIZZATA CON FIBRE NATURALI E DI QUALIT\u00e0 , CONFORTEVOLE, TRASPIRANTE  E MULTIUSO. SAR\u00e0 LA TUA COMPAGNA E DONER\u00e0 AL PIEDE COMFORT E IGIENE. <\/p>\n<p>  100% COTONE <\/p>\n<p>  MADE IN ITALY <\/p>\n<p>  TUTTI I PRODOTTI SONO GARANTITI SECONDO LE LEGGI VIGENTI SUL TERRITORIO NAZIONALE.<\/p>\n<p>  I PRODOTTI VENGONO SPEDITI ENTRO 24\/48 ORE DAL RICEVIMENTO DEL PAGAMENTO A MEZZO  CORRIERE ESPRESSO FATTO SALVO LA DISPONIBILITA&rsquo; DI MAGAZZINO. <\/p>\n<p>  LA RINGRAZIAMO PER AVER SCELTO LA NOSTRA AZIENDA. <\/p>\n<p>  <b>SPEDIZIONE E RESO SEMPRE GRATUITO*<\/b> <\/p>\n<p>  &nbsp;<\/p>\n","protected":false},"excerpt":{"rendered":"<p>CALZINO BIMBO CON RISVOLTO ALTO ALLA CAVIGLIA DECORO QUADRATINI GUIDA TAGLIA 000=11-12 PIEDE 00= 13-14 PIEDE 0 =15-16 PIEDE I = 17\/19 PIEDE II = 19\/20 PIEDE III= 21\/22 PIEDE QUESTA CALZA \u00e8 REALIZZATA CON FIBRE NATURALI E DI QUALIT\u00e0 , CONFORTEVOLE, TRASPIRANTE E MULTIUSO. SAR\u00e0 LA TUA COMPAGNA E DONER\u00e0 AL PIEDE COMFORT E [&hellip;]<\/p>\n","protected":false},"featured_media":874866,"comment_status":"open","ping_status":"closed","template":"","meta":{"_exactmetrics_skip_tracking":false,"_exactmetrics_sitenote_active":false,"_exactmetrics_sitenote_note":"","_exactmetrics_sitenote_category":0},"product_brand":[],"product_cat":[1214,1215],"product_tag":[],"class_list":{"0":"post-873388","1":"product","2":"type-product","3":"status-publish","4":"has-post-thumbnail","6":"product_cat-corredino","7":"product_cat-intimo-corredino","9":"first","10":"instock","11":"shipping-taxable","12":"purchasable","13":"product-type-variable"},"yoast_head":"<!-- This site is optimized with the Yoast SEO plugin v27.3 - https:\/\/yoast.com\/product\/yoast-seo-wordpress\/ -->\n<title>CALZINO BIMBO CON RISVOLTO - Scarabokki<\/title>\n<meta name=\"robots\" content=\"index, follow, max-snippet:-1, max-image-preview:large, max-video-preview:-1\" \/>\n<link rel=\"canonical\" href=\"https:\/\/scarabokki.it\/?product=calzino-bimbo-con-risvolto\" \/>\n<meta property=\"og:locale\" content=\"it_IT\" \/>\n<meta property=\"og:type\" content=\"article\" \/>\n<meta property=\"og:title\" content=\"CALZINO BIMBO CON RISVOLTO - Scarabokki\" \/>\n<meta property=\"og:description\" content=\"CALZINO BIMBO CON RISVOLTO ALTO ALLA CAVIGLIA DECORO QUADRATINI GUIDA TAGLIA 000=11-12 PIEDE 00= 13-14 PIEDE 0 =15-16 PIEDE I = 17\/19 PIEDE II = 19\/20 PIEDE III= 21\/22 PIEDE QUESTA CALZA \u00e8 REALIZZATA CON FIBRE NATURALI E DI QUALIT\u00e0 , CONFORTEVOLE, TRASPIRANTE E MULTIUSO. SAR\u00e0 LA TUA COMPAGNA E DONER\u00e0 AL PIEDE COMFORT E [&hellip;]\" \/>\n<meta property=\"og:url\" content=\"https:\/\/scarabokki.it\/?product=calzino-bimbo-con-risvolto\" \/>\n<meta property=\"og:site_name\" content=\"Scarabokki\" \/>\n<meta property=\"article:publisher\" content=\"https:\/\/www.facebook.com\/ScarabokkiPolicoroBernalda\" \/>\n<meta property=\"article:modified_time\" content=\"2024-05-12T07:49:26+00:00\" \/>\n<meta property=\"og:image\" content=\"https:\/\/scarabokki.it\/wp-content\/uploads\/2026\/01\/immagine-logo-scarabokki-2.jpg\" \/>\n\t<meta property=\"og:image:width\" content=\"897\" \/>\n\t<meta property=\"og:image:height\" content=\"741\" \/>\n\t<meta property=\"og:image:type\" content=\"image\/jpeg\" \/>\n<meta name=\"twitter:card\" content=\"summary_large_image\" \/>\n<meta name=\"twitter:label1\" content=\"Tempo di lettura stimato\" \/>\n\t<meta name=\"twitter:data1\" content=\"1 minuto\" \/>\n<script type=\"application\/ld+json\" class=\"yoast-schema-graph\">{\"@context\":\"https:\\\/\\\/schema.org\",\"@graph\":[{\"@type\":\"WebPage\",\"@id\":\"https:\\\/\\\/scarabokki.it\\\/?product=calzino-bimbo-con-risvolto\",\"url\":\"https:\\\/\\\/scarabokki.it\\\/?product=calzino-bimbo-con-risvolto\",\"name\":\"CALZINO BIMBO CON RISVOLTO - Scarabokki\",\"isPartOf\":{\"@id\":\"https:\\\/\\\/scarabokki.it\\\/#website\"},\"primaryImageOfPage\":{\"@id\":\"https:\\\/\\\/scarabokki.it\\\/?product=calzino-bimbo-con-risvolto#primaryimage\"},\"image\":{\"@id\":\"https:\\\/\\\/scarabokki.it\\\/?product=calzino-bimbo-con-risvolto#primaryimage\"},\"thumbnailUrl\":\"https:\\\/\\\/scarabokki.it\\\/wp-content\\\/uploads\\\/2024\\\/05\\\/CLZTICO5M-000-5889.jpeg\",\"datePublished\":\"2024-05-12T07:39:49+00:00\",\"dateModified\":\"2024-05-12T07:49:26+00:00\",\"breadcrumb\":{\"@id\":\"https:\\\/\\\/scarabokki.it\\\/?product=calzino-bimbo-con-risvolto#breadcrumb\"},\"inLanguage\":\"it-IT\",\"potentialAction\":[{\"@type\":\"ReadAction\",\"target\":[\"https:\\\/\\\/scarabokki.it\\\/?product=calzino-bimbo-con-risvolto\"]}]},{\"@type\":\"ImageObject\",\"inLanguage\":\"it-IT\",\"@id\":\"https:\\\/\\\/scarabokki.it\\\/?product=calzino-bimbo-con-risvolto#primaryimage\",\"url\":\"https:\\\/\\\/scarabokki.it\\\/wp-content\\\/uploads\\\/2024\\\/05\\\/CLZTICO5M-000-5889.jpeg\",\"contentUrl\":\"https:\\\/\\\/scarabokki.it\\\/wp-content\\\/uploads\\\/2024\\\/05\\\/CLZTICO5M-000-5889.jpeg\",\"width\":2048,\"height\":1749},{\"@type\":\"BreadcrumbList\",\"@id\":\"https:\\\/\\\/scarabokki.it\\\/?product=calzino-bimbo-con-risvolto#breadcrumb\",\"itemListElement\":[{\"@type\":\"ListItem\",\"position\":1,\"name\":\"Home\",\"item\":\"https:\\\/\\\/scarabokki.it\\\/\"},{\"@type\":\"ListItem\",\"position\":2,\"name\":\"Negozio\",\"item\":\"https:\\\/\\\/scarabokki.it\\\/?page_id=9\"},{\"@type\":\"ListItem\",\"position\":3,\"name\":\"CALZINO BIMBO CON RISVOLTO\"}]},{\"@type\":\"WebSite\",\"@id\":\"https:\\\/\\\/scarabokki.it\\\/#website\",\"url\":\"https:\\\/\\\/scarabokki.it\\\/\",\"name\":\"Scarabokki\",\"description\":\"Negozio di Abbigliamento Bambini e Donna\",\"publisher\":{\"@id\":\"https:\\\/\\\/scarabokki.it\\\/#organization\"},\"potentialAction\":[{\"@type\":\"SearchAction\",\"target\":{\"@type\":\"EntryPoint\",\"urlTemplate\":\"https:\\\/\\\/scarabokki.it\\\/?s={search_term_string}\"},\"query-input\":{\"@type\":\"PropertyValueSpecification\",\"valueRequired\":true,\"valueName\":\"search_term_string\"}}],\"inLanguage\":\"it-IT\"},{\"@type\":\"Organization\",\"@id\":\"https:\\\/\\\/scarabokki.it\\\/#organization\",\"name\":\"Scarabokki\",\"url\":\"https:\\\/\\\/scarabokki.it\\\/\",\"logo\":{\"@type\":\"ImageObject\",\"inLanguage\":\"it-IT\",\"@id\":\"https:\\\/\\\/scarabokki.it\\\/#\\\/schema\\\/logo\\\/image\\\/\",\"url\":\"https:\\\/\\\/scarabokki.it\\\/wp-content\\\/uploads\\\/2026\\\/01\\\/immagine-logo-scarabokki-2.jpg\",\"contentUrl\":\"https:\\\/\\\/scarabokki.it\\\/wp-content\\\/uploads\\\/2026\\\/01\\\/immagine-logo-scarabokki-2.jpg\",\"width\":897,\"height\":741,\"caption\":\"Scarabokki\"},\"image\":{\"@id\":\"https:\\\/\\\/scarabokki.it\\\/#\\\/schema\\\/logo\\\/image\\\/\"},\"sameAs\":[\"https:\\\/\\\/www.facebook.com\\\/ScarabokkiPolicoroBernalda\",\"https:\\\/\\\/www.instagram.com\\\/scarabokkipolicorobernalda\\\/\",\"https:\\\/\\\/www.tiktok.com\\\/@scarabokki.curvy?lang=it-IT\"]}]}<\/script>\n<!-- \/ Yoast SEO plugin. -->","yoast_head_json":{"title":"CALZINO BIMBO CON RISVOLTO - Scarabokki","robots":{"index":"index","follow":"follow","max-snippet":"max-snippet:-1","max-image-preview":"max-image-preview:large","max-video-preview":"max-video-preview:-1"},"canonical":"https:\/\/scarabokki.it\/?product=calzino-bimbo-con-risvolto","og_locale":"it_IT","og_type":"article","og_title":"CALZINO BIMBO CON RISVOLTO - Scarabokki","og_description":"CALZINO BIMBO CON RISVOLTO ALTO ALLA CAVIGLIA DECORO QUADRATINI GUIDA TAGLIA 000=11-12 PIEDE 00= 13-14 PIEDE 0 =15-16 PIEDE I = 17\/19 PIEDE II = 19\/20 PIEDE III= 21\/22 PIEDE QUESTA CALZA \u00e8 REALIZZATA CON FIBRE NATURALI E DI QUALIT\u00e0 , CONFORTEVOLE, TRASPIRANTE E MULTIUSO. SAR\u00e0 LA TUA COMPAGNA E DONER\u00e0 AL PIEDE COMFORT E [&hellip;]","og_url":"https:\/\/scarabokki.it\/?product=calzino-bimbo-con-risvolto","og_site_name":"Scarabokki","article_publisher":"https:\/\/www.facebook.com\/ScarabokkiPolicoroBernalda","article_modified_time":"2024-05-12T07:49:26+00:00","og_image":[{"width":897,"height":741,"url":"https:\/\/scarabokki.it\/wp-content\/uploads\/2026\/01\/immagine-logo-scarabokki-2.jpg","type":"image\/jpeg"}],"twitter_card":"summary_large_image","twitter_misc":{"Tempo di lettura stimato":"1 minuto"},"schema":{"@context":"https:\/\/schema.org","@graph":[{"@type":"WebPage","@id":"https:\/\/scarabokki.it\/?product=calzino-bimbo-con-risvolto","url":"https:\/\/scarabokki.it\/?product=calzino-bimbo-con-risvolto","name":"CALZINO BIMBO CON RISVOLTO - Scarabokki","isPartOf":{"@id":"https:\/\/scarabokki.it\/#website"},"primaryImageOfPage":{"@id":"https:\/\/scarabokki.it\/?product=calzino-bimbo-con-risvolto#primaryimage"},"image":{"@id":"https:\/\/scarabokki.it\/?product=calzino-bimbo-con-risvolto#primaryimage"},"thumbnailUrl":"https:\/\/scarabokki.it\/wp-content\/uploads\/2024\/05\/CLZTICO5M-000-5889.jpeg","datePublished":"2024-05-12T07:39:49+00:00","dateModified":"2024-05-12T07:49:26+00:00","breadcrumb":{"@id":"https:\/\/scarabokki.it\/?product=calzino-bimbo-con-risvolto#breadcrumb"},"inLanguage":"it-IT","potentialAction":[{"@type":"ReadAction","target":["https:\/\/scarabokki.it\/?product=calzino-bimbo-con-risvolto"]}]},{"@type":"ImageObject","inLanguage":"it-IT","@id":"https:\/\/scarabokki.it\/?product=calzino-bimbo-con-risvolto#primaryimage","url":"https:\/\/scarabokki.it\/wp-content\/uploads\/2024\/05\/CLZTICO5M-000-5889.jpeg","contentUrl":"https:\/\/scarabokki.it\/wp-content\/uploads\/2024\/05\/CLZTICO5M-000-5889.jpeg","width":2048,"height":1749},{"@type":"BreadcrumbList","@id":"https:\/\/scarabokki.it\/?product=calzino-bimbo-con-risvolto#breadcrumb","itemListElement":[{"@type":"ListItem","position":1,"name":"Home","item":"https:\/\/scarabokki.it\/"},{"@type":"ListItem","position":2,"name":"Negozio","item":"https:\/\/scarabokki.it\/?page_id=9"},{"@type":"ListItem","position":3,"name":"CALZINO BIMBO CON RISVOLTO"}]},{"@type":"WebSite","@id":"https:\/\/scarabokki.it\/#website","url":"https:\/\/scarabokki.it\/","name":"Scarabokki","description":"Negozio di Abbigliamento Bambini e Donna","publisher":{"@id":"https:\/\/scarabokki.it\/#organization"},"potentialAction":[{"@type":"SearchAction","target":{"@type":"EntryPoint","urlTemplate":"https:\/\/scarabokki.it\/?s={search_term_string}"},"query-input":{"@type":"PropertyValueSpecification","valueRequired":true,"valueName":"search_term_string"}}],"inLanguage":"it-IT"},{"@type":"Organization","@id":"https:\/\/scarabokki.it\/#organization","name":"Scarabokki","url":"https:\/\/scarabokki.it\/","logo":{"@type":"ImageObject","inLanguage":"it-IT","@id":"https:\/\/scarabokki.it\/#\/schema\/logo\/image\/","url":"https:\/\/scarabokki.it\/wp-content\/uploads\/2026\/01\/immagine-logo-scarabokki-2.jpg","contentUrl":"https:\/\/scarabokki.it\/wp-content\/uploads\/2026\/01\/immagine-logo-scarabokki-2.jpg","width":897,"height":741,"caption":"Scarabokki"},"image":{"@id":"https:\/\/scarabokki.it\/#\/schema\/logo\/image\/"},"sameAs":["https:\/\/www.facebook.com\/ScarabokkiPolicoroBernalda","https:\/\/www.instagram.com\/scarabokkipolicorobernalda\/","https:\/\/www.tiktok.com\/@scarabokki.curvy?lang=it-IT"]}]}},"_links":{"self":[{"href":"https:\/\/scarabokki.it\/index.php?rest_route=\/wp\/v2\/product\/873388","targetHints":{"allow":["GET"]}}],"collection":[{"href":"https:\/\/scarabokki.it\/index.php?rest_route=\/wp\/v2\/product"}],"about":[{"href":"https:\/\/scarabokki.it\/index.php?rest_route=\/wp\/v2\/types\/product"}],"replies":[{"embeddable":true,"href":"https:\/\/scarabokki.it\/index.php?rest_route=%2Fwp%2Fv2%2Fcomments&post=873388"}],"wp:featuredmedia":[{"embeddable":true,"href":"https:\/\/scarabokki.it\/index.php?rest_route=\/wp\/v2\/media\/874866"}],"wp:attachment":[{"href":"https:\/\/scarabokki.it\/index.php?rest_route=%2Fwp%2Fv2%2Fmedia&parent=873388"}],"wp:term":[{"taxonomy":"product_brand","embeddable":true,"href":"https:\/\/scarabokki.it\/index.php?rest_route=%2Fwp%2Fv2%2Fproduct_brand&post=873388"},{"taxonomy":"product_cat","embeddable":true,"href":"https:\/\/scarabokki.it\/index.php?rest_route=%2Fwp%2Fv2%2Fproduct_cat&post=873388"},{"taxonomy":"product_tag","embeddable":true,"href":"https:\/\/scarabokki.it\/index.php?rest_route=%2Fwp%2Fv2%2Fproduct_tag&post=873388"}],"curies":[{"name":"wp","href":"https:\/\/api.w.org\/{rel}","templated":true}]}}