{"id":979866,"date":"2025-04-26T13:25:00","date_gmt":"2025-04-26T11:25:00","guid":{"rendered":"https:\/\/scarabokki.it\/?product=costume-di-carnevale-contessina"},"modified":"2025-04-26T13:25:06","modified_gmt":"2025-04-26T11:25:06","slug":"costume-di-carnevale-contessina","status":"publish","type":"product","link":"https:\/\/scarabokki.it\/?product=costume-di-carnevale-contessina","title":{"rendered":"COSTUME DI CARNEVALE CONTESSINA"},"content":{"rendered":"<p>  Il costume Contessina \u00e8 disponibile in 3 taglie a partire da 7\/9 MESI fino a 13\/18  MESI.<\/p>\n<p>  &nbsp;<\/p>\n<p>  Nel pratico scatolo 8x48x36 del costume da Contessina troverai i seguenti elementi:  cuffietta, vestito con sottogonna di tulle e copriscarpette.<\/p>\n<p>  &nbsp;<\/p>\n<p>  Il vestito \u00e8 realizzato in tessuto: velvet, broccato lam\u00e8, sbiego lam\u00e8, pizzo raschel  e tulle.<\/p>\n<p>  &nbsp;<\/p>\n<p>  Designer Italiano: Vestito realizzato in velvet con sottogonna il tulle, chiusura  a strappo sul retro e maniche a sbuffo sulle spalle in tessuto broccato lam\u00e8. Arricchito  da sbiego lam\u00e8 e pizzo rachel. La simpatica cuffietta \u00e8 foderata internamente in  raso mentre esternamente in velluto e broccato lam\u00e8, le copriscarpette in velluto  e sbiego lam\u00e8.<\/p>\n<p>  &nbsp;<\/p>\n<p>  Costume perfetto per feste di Compleanno, Travestimenti, feste a tema, Cosplay,  giochi di finzione, giochi di ruolo, Carnevale e sfilate di Carnevale.<\/p>\n<p>  &nbsp;<\/p>\n<p>  Avvertenze indossare sotto visione di un adulto.<\/p>\n<p>  &nbsp;<\/p>\n<p>  Istruzione lavaggio: lavare a mano a bassa temperatura,<\/p>\n<p>  &nbsp;<\/p>\n<p>  lavare le parti separatamente, non strizzare,<\/p>\n<p>  &nbsp;<\/p>\n<p>  &nbsp;<\/p>\n<p>  stirare a 110 gradi massimo a rovescio.<\/p>\n<p>  &nbsp;<\/p>\n<p>  &nbsp;<\/p>\n<p>  &nbsp;<\/p>\n<p>  Cod. 5120<\/p>\n","protected":false},"excerpt":{"rendered":"<p>Il costume Contessina \u00e8 disponibile in 3 taglie a partire da 7\/9 MESI fino a 13\/18 MESI. &nbsp; Nel pratico scatolo 8x48x36 del costume da Contessina troverai i seguenti elementi: cuffietta, vestito con sottogonna di tulle e copriscarpette. &nbsp; Il vestito \u00e8 realizzato in tessuto: velvet, broccato lam\u00e8, sbiego lam\u00e8, pizzo raschel e tulle. &nbsp; [&hellip;]<\/p>\n","protected":false},"featured_media":979893,"comment_status":"open","ping_status":"closed","template":"","meta":{"_exactmetrics_skip_tracking":false,"_exactmetrics_sitenote_active":false,"_exactmetrics_sitenote_note":"","_exactmetrics_sitenote_category":0},"product_brand":[],"product_cat":[1198,1199],"product_tag":[],"class_list":{"0":"post-979866","1":"product","2":"type-product","3":"status-publish","4":"has-post-thumbnail","6":"product_cat-carnevale","7":"product_cat-costumi-carnevale","9":"first","10":"instock","11":"shipping-taxable","12":"purchasable","13":"product-type-variable"},"yoast_head":"<!-- This site is optimized with the Yoast SEO plugin v27.3 - https:\/\/yoast.com\/product\/yoast-seo-wordpress\/ -->\n<title>COSTUME DI CARNEVALE CONTESSINA - Scarabokki<\/title>\n<meta name=\"robots\" content=\"index, follow, max-snippet:-1, max-image-preview:large, max-video-preview:-1\" \/>\n<link rel=\"canonical\" href=\"https:\/\/scarabokki.it\/?product=costume-di-carnevale-contessina\" \/>\n<meta property=\"og:locale\" content=\"it_IT\" \/>\n<meta property=\"og:type\" content=\"article\" \/>\n<meta property=\"og:title\" content=\"COSTUME DI CARNEVALE CONTESSINA - Scarabokki\" \/>\n<meta property=\"og:description\" content=\"Il costume Contessina \u00e8 disponibile in 3 taglie a partire da 7\/9 MESI fino a 13\/18 MESI. &nbsp; Nel pratico scatolo 8x48x36 del costume da Contessina troverai i seguenti elementi: cuffietta, vestito con sottogonna di tulle e copriscarpette. &nbsp; Il vestito \u00e8 realizzato in tessuto: velvet, broccato lam\u00e8, sbiego lam\u00e8, pizzo raschel e tulle. &nbsp; [&hellip;]\" \/>\n<meta property=\"og:url\" content=\"https:\/\/scarabokki.it\/?product=costume-di-carnevale-contessina\" \/>\n<meta property=\"og:site_name\" content=\"Scarabokki\" \/>\n<meta property=\"article:publisher\" content=\"https:\/\/www.facebook.com\/ScarabokkiPolicoroBernalda\" \/>\n<meta property=\"article:modified_time\" content=\"2025-04-26T11:25:06+00:00\" \/>\n<meta property=\"og:image\" content=\"https:\/\/scarabokki.it\/wp-content\/uploads\/2026\/01\/immagine-logo-scarabokki-2.jpg\" \/>\n\t<meta property=\"og:image:width\" content=\"897\" \/>\n\t<meta property=\"og:image:height\" content=\"741\" \/>\n\t<meta property=\"og:image:type\" content=\"image\/jpeg\" \/>\n<meta name=\"twitter:card\" content=\"summary_large_image\" \/>\n<meta name=\"twitter:label1\" content=\"Tempo di lettura stimato\" \/>\n\t<meta name=\"twitter:data1\" content=\"1 minuto\" \/>\n<script type=\"application\/ld+json\" class=\"yoast-schema-graph\">{\"@context\":\"https:\\\/\\\/schema.org\",\"@graph\":[{\"@type\":\"WebPage\",\"@id\":\"https:\\\/\\\/scarabokki.it\\\/?product=costume-di-carnevale-contessina\",\"url\":\"https:\\\/\\\/scarabokki.it\\\/?product=costume-di-carnevale-contessina\",\"name\":\"COSTUME DI CARNEVALE CONTESSINA - Scarabokki\",\"isPartOf\":{\"@id\":\"https:\\\/\\\/scarabokki.it\\\/#website\"},\"primaryImageOfPage\":{\"@id\":\"https:\\\/\\\/scarabokki.it\\\/?product=costume-di-carnevale-contessina#primaryimage\"},\"image\":{\"@id\":\"https:\\\/\\\/scarabokki.it\\\/?product=costume-di-carnevale-contessina#primaryimage\"},\"thumbnailUrl\":\"https:\\\/\\\/scarabokki.it\\\/wp-content\\\/uploads\\\/2025\\\/04\\\/5120-000-10543.jpg\",\"datePublished\":\"2025-04-26T11:25:00+00:00\",\"dateModified\":\"2025-04-26T11:25:06+00:00\",\"breadcrumb\":{\"@id\":\"https:\\\/\\\/scarabokki.it\\\/?product=costume-di-carnevale-contessina#breadcrumb\"},\"inLanguage\":\"it-IT\",\"potentialAction\":[{\"@type\":\"ReadAction\",\"target\":[\"https:\\\/\\\/scarabokki.it\\\/?product=costume-di-carnevale-contessina\"]}]},{\"@type\":\"ImageObject\",\"inLanguage\":\"it-IT\",\"@id\":\"https:\\\/\\\/scarabokki.it\\\/?product=costume-di-carnevale-contessina#primaryimage\",\"url\":\"https:\\\/\\\/scarabokki.it\\\/wp-content\\\/uploads\\\/2025\\\/04\\\/5120-000-10543.jpg\",\"contentUrl\":\"https:\\\/\\\/scarabokki.it\\\/wp-content\\\/uploads\\\/2025\\\/04\\\/5120-000-10543.jpg\",\"width\":1000,\"height\":1500},{\"@type\":\"BreadcrumbList\",\"@id\":\"https:\\\/\\\/scarabokki.it\\\/?product=costume-di-carnevale-contessina#breadcrumb\",\"itemListElement\":[{\"@type\":\"ListItem\",\"position\":1,\"name\":\"Home\",\"item\":\"https:\\\/\\\/scarabokki.it\\\/\"},{\"@type\":\"ListItem\",\"position\":2,\"name\":\"Negozio\",\"item\":\"https:\\\/\\\/scarabokki.it\\\/?page_id=9\"},{\"@type\":\"ListItem\",\"position\":3,\"name\":\"COSTUME DI CARNEVALE CONTESSINA\"}]},{\"@type\":\"WebSite\",\"@id\":\"https:\\\/\\\/scarabokki.it\\\/#website\",\"url\":\"https:\\\/\\\/scarabokki.it\\\/\",\"name\":\"Scarabokki\",\"description\":\"Negozio di Abbigliamento Bambini e Donna\",\"publisher\":{\"@id\":\"https:\\\/\\\/scarabokki.it\\\/#organization\"},\"potentialAction\":[{\"@type\":\"SearchAction\",\"target\":{\"@type\":\"EntryPoint\",\"urlTemplate\":\"https:\\\/\\\/scarabokki.it\\\/?s={search_term_string}\"},\"query-input\":{\"@type\":\"PropertyValueSpecification\",\"valueRequired\":true,\"valueName\":\"search_term_string\"}}],\"inLanguage\":\"it-IT\"},{\"@type\":\"Organization\",\"@id\":\"https:\\\/\\\/scarabokki.it\\\/#organization\",\"name\":\"Scarabokki\",\"url\":\"https:\\\/\\\/scarabokki.it\\\/\",\"logo\":{\"@type\":\"ImageObject\",\"inLanguage\":\"it-IT\",\"@id\":\"https:\\\/\\\/scarabokki.it\\\/#\\\/schema\\\/logo\\\/image\\\/\",\"url\":\"https:\\\/\\\/scarabokki.it\\\/wp-content\\\/uploads\\\/2026\\\/01\\\/immagine-logo-scarabokki-2.jpg\",\"contentUrl\":\"https:\\\/\\\/scarabokki.it\\\/wp-content\\\/uploads\\\/2026\\\/01\\\/immagine-logo-scarabokki-2.jpg\",\"width\":897,\"height\":741,\"caption\":\"Scarabokki\"},\"image\":{\"@id\":\"https:\\\/\\\/scarabokki.it\\\/#\\\/schema\\\/logo\\\/image\\\/\"},\"sameAs\":[\"https:\\\/\\\/www.facebook.com\\\/ScarabokkiPolicoroBernalda\",\"https:\\\/\\\/www.instagram.com\\\/scarabokkipolicorobernalda\\\/\",\"https:\\\/\\\/www.tiktok.com\\\/@scarabokki.curvy?lang=it-IT\"]}]}<\/script>\n<!-- \/ Yoast SEO plugin. -->","yoast_head_json":{"title":"COSTUME DI CARNEVALE CONTESSINA - Scarabokki","robots":{"index":"index","follow":"follow","max-snippet":"max-snippet:-1","max-image-preview":"max-image-preview:large","max-video-preview":"max-video-preview:-1"},"canonical":"https:\/\/scarabokki.it\/?product=costume-di-carnevale-contessina","og_locale":"it_IT","og_type":"article","og_title":"COSTUME DI CARNEVALE CONTESSINA - Scarabokki","og_description":"Il costume Contessina \u00e8 disponibile in 3 taglie a partire da 7\/9 MESI fino a 13\/18 MESI. &nbsp; Nel pratico scatolo 8x48x36 del costume da Contessina troverai i seguenti elementi: cuffietta, vestito con sottogonna di tulle e copriscarpette. &nbsp; Il vestito \u00e8 realizzato in tessuto: velvet, broccato lam\u00e8, sbiego lam\u00e8, pizzo raschel e tulle. &nbsp; [&hellip;]","og_url":"https:\/\/scarabokki.it\/?product=costume-di-carnevale-contessina","og_site_name":"Scarabokki","article_publisher":"https:\/\/www.facebook.com\/ScarabokkiPolicoroBernalda","article_modified_time":"2025-04-26T11:25:06+00:00","og_image":[{"width":897,"height":741,"url":"https:\/\/scarabokki.it\/wp-content\/uploads\/2026\/01\/immagine-logo-scarabokki-2.jpg","type":"image\/jpeg"}],"twitter_card":"summary_large_image","twitter_misc":{"Tempo di lettura stimato":"1 minuto"},"schema":{"@context":"https:\/\/schema.org","@graph":[{"@type":"WebPage","@id":"https:\/\/scarabokki.it\/?product=costume-di-carnevale-contessina","url":"https:\/\/scarabokki.it\/?product=costume-di-carnevale-contessina","name":"COSTUME DI CARNEVALE CONTESSINA - Scarabokki","isPartOf":{"@id":"https:\/\/scarabokki.it\/#website"},"primaryImageOfPage":{"@id":"https:\/\/scarabokki.it\/?product=costume-di-carnevale-contessina#primaryimage"},"image":{"@id":"https:\/\/scarabokki.it\/?product=costume-di-carnevale-contessina#primaryimage"},"thumbnailUrl":"https:\/\/scarabokki.it\/wp-content\/uploads\/2025\/04\/5120-000-10543.jpg","datePublished":"2025-04-26T11:25:00+00:00","dateModified":"2025-04-26T11:25:06+00:00","breadcrumb":{"@id":"https:\/\/scarabokki.it\/?product=costume-di-carnevale-contessina#breadcrumb"},"inLanguage":"it-IT","potentialAction":[{"@type":"ReadAction","target":["https:\/\/scarabokki.it\/?product=costume-di-carnevale-contessina"]}]},{"@type":"ImageObject","inLanguage":"it-IT","@id":"https:\/\/scarabokki.it\/?product=costume-di-carnevale-contessina#primaryimage","url":"https:\/\/scarabokki.it\/wp-content\/uploads\/2025\/04\/5120-000-10543.jpg","contentUrl":"https:\/\/scarabokki.it\/wp-content\/uploads\/2025\/04\/5120-000-10543.jpg","width":1000,"height":1500},{"@type":"BreadcrumbList","@id":"https:\/\/scarabokki.it\/?product=costume-di-carnevale-contessina#breadcrumb","itemListElement":[{"@type":"ListItem","position":1,"name":"Home","item":"https:\/\/scarabokki.it\/"},{"@type":"ListItem","position":2,"name":"Negozio","item":"https:\/\/scarabokki.it\/?page_id=9"},{"@type":"ListItem","position":3,"name":"COSTUME DI CARNEVALE CONTESSINA"}]},{"@type":"WebSite","@id":"https:\/\/scarabokki.it\/#website","url":"https:\/\/scarabokki.it\/","name":"Scarabokki","description":"Negozio di Abbigliamento Bambini e Donna","publisher":{"@id":"https:\/\/scarabokki.it\/#organization"},"potentialAction":[{"@type":"SearchAction","target":{"@type":"EntryPoint","urlTemplate":"https:\/\/scarabokki.it\/?s={search_term_string}"},"query-input":{"@type":"PropertyValueSpecification","valueRequired":true,"valueName":"search_term_string"}}],"inLanguage":"it-IT"},{"@type":"Organization","@id":"https:\/\/scarabokki.it\/#organization","name":"Scarabokki","url":"https:\/\/scarabokki.it\/","logo":{"@type":"ImageObject","inLanguage":"it-IT","@id":"https:\/\/scarabokki.it\/#\/schema\/logo\/image\/","url":"https:\/\/scarabokki.it\/wp-content\/uploads\/2026\/01\/immagine-logo-scarabokki-2.jpg","contentUrl":"https:\/\/scarabokki.it\/wp-content\/uploads\/2026\/01\/immagine-logo-scarabokki-2.jpg","width":897,"height":741,"caption":"Scarabokki"},"image":{"@id":"https:\/\/scarabokki.it\/#\/schema\/logo\/image\/"},"sameAs":["https:\/\/www.facebook.com\/ScarabokkiPolicoroBernalda","https:\/\/www.instagram.com\/scarabokkipolicorobernalda\/","https:\/\/www.tiktok.com\/@scarabokki.curvy?lang=it-IT"]}]}},"_links":{"self":[{"href":"https:\/\/scarabokki.it\/index.php?rest_route=\/wp\/v2\/product\/979866","targetHints":{"allow":["GET"]}}],"collection":[{"href":"https:\/\/scarabokki.it\/index.php?rest_route=\/wp\/v2\/product"}],"about":[{"href":"https:\/\/scarabokki.it\/index.php?rest_route=\/wp\/v2\/types\/product"}],"replies":[{"embeddable":true,"href":"https:\/\/scarabokki.it\/index.php?rest_route=%2Fwp%2Fv2%2Fcomments&post=979866"}],"wp:featuredmedia":[{"embeddable":true,"href":"https:\/\/scarabokki.it\/index.php?rest_route=\/wp\/v2\/media\/979893"}],"wp:attachment":[{"href":"https:\/\/scarabokki.it\/index.php?rest_route=%2Fwp%2Fv2%2Fmedia&parent=979866"}],"wp:term":[{"taxonomy":"product_brand","embeddable":true,"href":"https:\/\/scarabokki.it\/index.php?rest_route=%2Fwp%2Fv2%2Fproduct_brand&post=979866"},{"taxonomy":"product_cat","embeddable":true,"href":"https:\/\/scarabokki.it\/index.php?rest_route=%2Fwp%2Fv2%2Fproduct_cat&post=979866"},{"taxonomy":"product_tag","embeddable":true,"href":"https:\/\/scarabokki.it\/index.php?rest_route=%2Fwp%2Fv2%2Fproduct_tag&post=979866"}],"curies":[{"name":"wp","href":"https:\/\/api.w.org\/{rel}","templated":true}]}}