{"id":979904,"date":"2025-04-26T13:27:35","date_gmt":"2025-04-26T11:27:35","guid":{"rendered":"https:\/\/scarabokki.it\/?product=costume-di-carnevale-principessa-vampira"},"modified":"2025-04-26T13:28:01","modified_gmt":"2025-04-26T11:28:01","slug":"costume-di-carnevale-principessa-vampira","status":"publish","type":"product","link":"https:\/\/scarabokki.it\/?product=costume-di-carnevale-principessa-vampira","title":{"rendered":"costume di carnevale principessa vampira"},"content":{"rendered":"<p style=\"margin: 0px 0px 10px;font-family: Roboto, sans-serif;font-size: 17px;font-style: normal;font-weight: 400;letter-spacing: normal;text-align: left;text-indent: 0px;text-transform: none\">Il Costume Principessa Vampiria \u00e8 disponibile in 4 taglie a partire dalla S 5\/6 ANNI fino alla XL 10\/12 ANNI. Nel comodo scatolo 8X48X36 troverai i seguenti elementi: cappellino, vestito e sottogonna con 2 cerchi.<\/p>\n<p style=\"margin: 0px 0px 10px;font-family: Roboto, sans-serif;font-size: 17px;font-style: normal;font-weight: 400;letter-spacing: normal;text-align: left;text-indent: 0px;text-transform: none\">Il Vestito da Principessa Vampiria \u00e8 perfetto per le Feste di Compleanno, Travestimenti, Halloween, Carnevale, Cosplay, Giochi di finzione, Giochi di ruolo e Sfilate di Carnevale.<\/p>\n<p style=\"margin: 0px 0px 10px;font-family: Roboto, sans-serif;font-size: 17px;font-style: normal;font-weight: 400;letter-spacing: normal;text-align: left;text-indent: 0px;text-transform: none\">Design Italiano: il nostro Costume \u00e8 composto da un vestito lungo, la parte superiore \u00e8 realizzata in raso nero con maniche lunghe con particolari alla fine definito in pizzo raschel, il gonnellone \u00e8 composto in raso con partilocari sul davanti in raso rosso e merletto nero, il tutto definito da uno sfizioso cappellino nero in pannolenci e tulle<\/p>\n<p style=\"margin: 0px 0px 10px;font-family: Roboto, sans-serif;font-size: 17px;font-style: normal;font-weight: 400;letter-spacing: normal;text-align: left;text-indent: 0px;text-transform: none\">Materiale: tutte le parti 100% poliestere&nbsp;<\/p>\n<p style=\"margin: 0px 0px 10px;font-family: Roboto, sans-serif;font-size: 17px;font-style: normal;font-weight: 400;letter-spacing: normal;text-align: left;text-indent: 0px;text-transform: none\">Avvertenze: da indossare sotto visione di un adulto.<\/p>\n<p style=\"margin: 0px 0px 10px;font-family: Roboto, sans-serif;font-size: 17px;font-style: normal;font-weight: 400;letter-spacing: normal;text-align: left;text-indent: 0px;text-transform: none\">Istruzione lavaggio: lavare a mano a bassa temperatura, lavare le parti separatamente, non strizzare, stirare a 110 gradi massimo a rovescio<\/p>\n<p>&nbsp;<\/p>\n","protected":false},"excerpt":{"rendered":"<p>Il Costume Principessa Vampiria \u00e8 disponibile in 4 taglie a partire dalla S 5\/6 ANNI fino alla XL 10\/12 ANNI. Nel comodo scatolo 8X48X36 troverai i seguenti elementi: cappellino, vestito e sottogonna con 2 cerchi. Il Vestito da Principessa Vampiria \u00e8 perfetto per le Feste di Compleanno, Travestimenti, Halloween, Carnevale, Cosplay, Giochi di finzione, Giochi [&hellip;]<\/p>\n","protected":false},"featured_media":980100,"comment_status":"open","ping_status":"closed","template":"","meta":{"_exactmetrics_skip_tracking":false,"_exactmetrics_sitenote_active":false,"_exactmetrics_sitenote_note":"","_exactmetrics_sitenote_category":0},"product_brand":[],"product_cat":[1198,1199],"product_tag":[],"class_list":{"0":"post-979904","1":"product","2":"type-product","3":"status-publish","4":"has-post-thumbnail","6":"product_cat-carnevale","7":"product_cat-costumi-carnevale","9":"first","10":"instock","11":"shipping-taxable","12":"purchasable","13":"product-type-variable"},"yoast_head":"<!-- This site is optimized with the Yoast SEO plugin v27.3 - https:\/\/yoast.com\/product\/yoast-seo-wordpress\/ -->\n<title>costume di carnevale principessa vampira - Scarabokki<\/title>\n<meta name=\"robots\" content=\"index, follow, max-snippet:-1, max-image-preview:large, max-video-preview:-1\" \/>\n<link rel=\"canonical\" href=\"https:\/\/scarabokki.it\/?product=costume-di-carnevale-principessa-vampira\" \/>\n<meta property=\"og:locale\" content=\"it_IT\" \/>\n<meta property=\"og:type\" content=\"article\" \/>\n<meta property=\"og:title\" content=\"costume di carnevale principessa vampira - Scarabokki\" \/>\n<meta property=\"og:description\" content=\"Il Costume Principessa Vampiria \u00e8 disponibile in 4 taglie a partire dalla S 5\/6 ANNI fino alla XL 10\/12 ANNI. Nel comodo scatolo 8X48X36 troverai i seguenti elementi: cappellino, vestito e sottogonna con 2 cerchi. Il Vestito da Principessa Vampiria \u00e8 perfetto per le Feste di Compleanno, Travestimenti, Halloween, Carnevale, Cosplay, Giochi di finzione, Giochi [&hellip;]\" \/>\n<meta property=\"og:url\" content=\"https:\/\/scarabokki.it\/?product=costume-di-carnevale-principessa-vampira\" \/>\n<meta property=\"og:site_name\" content=\"Scarabokki\" \/>\n<meta property=\"article:publisher\" content=\"https:\/\/www.facebook.com\/ScarabokkiPolicoroBernalda\" \/>\n<meta property=\"article:modified_time\" content=\"2025-04-26T11:28:01+00:00\" \/>\n<meta property=\"og:image\" content=\"https:\/\/scarabokki.it\/wp-content\/uploads\/2026\/01\/immagine-logo-scarabokki-2.jpg\" \/>\n\t<meta property=\"og:image:width\" content=\"897\" \/>\n\t<meta property=\"og:image:height\" content=\"741\" \/>\n\t<meta property=\"og:image:type\" content=\"image\/jpeg\" \/>\n<meta name=\"twitter:card\" content=\"summary_large_image\" \/>\n<meta name=\"twitter:label1\" content=\"Tempo di lettura stimato\" \/>\n\t<meta name=\"twitter:data1\" content=\"1 minuto\" \/>\n<script type=\"application\/ld+json\" class=\"yoast-schema-graph\">{\"@context\":\"https:\\\/\\\/schema.org\",\"@graph\":[{\"@type\":\"WebPage\",\"@id\":\"https:\\\/\\\/scarabokki.it\\\/?product=costume-di-carnevale-principessa-vampira\",\"url\":\"https:\\\/\\\/scarabokki.it\\\/?product=costume-di-carnevale-principessa-vampira\",\"name\":\"costume di carnevale principessa vampira - Scarabokki\",\"isPartOf\":{\"@id\":\"https:\\\/\\\/scarabokki.it\\\/#website\"},\"primaryImageOfPage\":{\"@id\":\"https:\\\/\\\/scarabokki.it\\\/?product=costume-di-carnevale-principessa-vampira#primaryimage\"},\"image\":{\"@id\":\"https:\\\/\\\/scarabokki.it\\\/?product=costume-di-carnevale-principessa-vampira#primaryimage\"},\"thumbnailUrl\":\"https:\\\/\\\/scarabokki.it\\\/wp-content\\\/uploads\\\/2025\\\/04\\\/h1830-000-12544.jpg\",\"datePublished\":\"2025-04-26T11:27:35+00:00\",\"dateModified\":\"2025-04-26T11:28:01+00:00\",\"breadcrumb\":{\"@id\":\"https:\\\/\\\/scarabokki.it\\\/?product=costume-di-carnevale-principessa-vampira#breadcrumb\"},\"inLanguage\":\"it-IT\",\"potentialAction\":[{\"@type\":\"ReadAction\",\"target\":[\"https:\\\/\\\/scarabokki.it\\\/?product=costume-di-carnevale-principessa-vampira\"]}]},{\"@type\":\"ImageObject\",\"inLanguage\":\"it-IT\",\"@id\":\"https:\\\/\\\/scarabokki.it\\\/?product=costume-di-carnevale-principessa-vampira#primaryimage\",\"url\":\"https:\\\/\\\/scarabokki.it\\\/wp-content\\\/uploads\\\/2025\\\/04\\\/h1830-000-12544.jpg\",\"contentUrl\":\"https:\\\/\\\/scarabokki.it\\\/wp-content\\\/uploads\\\/2025\\\/04\\\/h1830-000-12544.jpg\",\"width\":381,\"height\":522},{\"@type\":\"BreadcrumbList\",\"@id\":\"https:\\\/\\\/scarabokki.it\\\/?product=costume-di-carnevale-principessa-vampira#breadcrumb\",\"itemListElement\":[{\"@type\":\"ListItem\",\"position\":1,\"name\":\"Home\",\"item\":\"https:\\\/\\\/scarabokki.it\\\/\"},{\"@type\":\"ListItem\",\"position\":2,\"name\":\"Negozio\",\"item\":\"https:\\\/\\\/scarabokki.it\\\/?page_id=9\"},{\"@type\":\"ListItem\",\"position\":3,\"name\":\"costume di carnevale principessa vampira\"}]},{\"@type\":\"WebSite\",\"@id\":\"https:\\\/\\\/scarabokki.it\\\/#website\",\"url\":\"https:\\\/\\\/scarabokki.it\\\/\",\"name\":\"Scarabokki\",\"description\":\"Negozio di Abbigliamento Bambini e Donna\",\"publisher\":{\"@id\":\"https:\\\/\\\/scarabokki.it\\\/#organization\"},\"potentialAction\":[{\"@type\":\"SearchAction\",\"target\":{\"@type\":\"EntryPoint\",\"urlTemplate\":\"https:\\\/\\\/scarabokki.it\\\/?s={search_term_string}\"},\"query-input\":{\"@type\":\"PropertyValueSpecification\",\"valueRequired\":true,\"valueName\":\"search_term_string\"}}],\"inLanguage\":\"it-IT\"},{\"@type\":\"Organization\",\"@id\":\"https:\\\/\\\/scarabokki.it\\\/#organization\",\"name\":\"Scarabokki\",\"url\":\"https:\\\/\\\/scarabokki.it\\\/\",\"logo\":{\"@type\":\"ImageObject\",\"inLanguage\":\"it-IT\",\"@id\":\"https:\\\/\\\/scarabokki.it\\\/#\\\/schema\\\/logo\\\/image\\\/\",\"url\":\"https:\\\/\\\/scarabokki.it\\\/wp-content\\\/uploads\\\/2026\\\/01\\\/immagine-logo-scarabokki-2.jpg\",\"contentUrl\":\"https:\\\/\\\/scarabokki.it\\\/wp-content\\\/uploads\\\/2026\\\/01\\\/immagine-logo-scarabokki-2.jpg\",\"width\":897,\"height\":741,\"caption\":\"Scarabokki\"},\"image\":{\"@id\":\"https:\\\/\\\/scarabokki.it\\\/#\\\/schema\\\/logo\\\/image\\\/\"},\"sameAs\":[\"https:\\\/\\\/www.facebook.com\\\/ScarabokkiPolicoroBernalda\",\"https:\\\/\\\/www.instagram.com\\\/scarabokkipolicorobernalda\\\/\",\"https:\\\/\\\/www.tiktok.com\\\/@scarabokki.curvy?lang=it-IT\"]}]}<\/script>\n<!-- \/ Yoast SEO plugin. -->","yoast_head_json":{"title":"costume di carnevale principessa vampira - Scarabokki","robots":{"index":"index","follow":"follow","max-snippet":"max-snippet:-1","max-image-preview":"max-image-preview:large","max-video-preview":"max-video-preview:-1"},"canonical":"https:\/\/scarabokki.it\/?product=costume-di-carnevale-principessa-vampira","og_locale":"it_IT","og_type":"article","og_title":"costume di carnevale principessa vampira - Scarabokki","og_description":"Il Costume Principessa Vampiria \u00e8 disponibile in 4 taglie a partire dalla S 5\/6 ANNI fino alla XL 10\/12 ANNI. Nel comodo scatolo 8X48X36 troverai i seguenti elementi: cappellino, vestito e sottogonna con 2 cerchi. Il Vestito da Principessa Vampiria \u00e8 perfetto per le Feste di Compleanno, Travestimenti, Halloween, Carnevale, Cosplay, Giochi di finzione, Giochi [&hellip;]","og_url":"https:\/\/scarabokki.it\/?product=costume-di-carnevale-principessa-vampira","og_site_name":"Scarabokki","article_publisher":"https:\/\/www.facebook.com\/ScarabokkiPolicoroBernalda","article_modified_time":"2025-04-26T11:28:01+00:00","og_image":[{"width":897,"height":741,"url":"https:\/\/scarabokki.it\/wp-content\/uploads\/2026\/01\/immagine-logo-scarabokki-2.jpg","type":"image\/jpeg"}],"twitter_card":"summary_large_image","twitter_misc":{"Tempo di lettura stimato":"1 minuto"},"schema":{"@context":"https:\/\/schema.org","@graph":[{"@type":"WebPage","@id":"https:\/\/scarabokki.it\/?product=costume-di-carnevale-principessa-vampira","url":"https:\/\/scarabokki.it\/?product=costume-di-carnevale-principessa-vampira","name":"costume di carnevale principessa vampira - Scarabokki","isPartOf":{"@id":"https:\/\/scarabokki.it\/#website"},"primaryImageOfPage":{"@id":"https:\/\/scarabokki.it\/?product=costume-di-carnevale-principessa-vampira#primaryimage"},"image":{"@id":"https:\/\/scarabokki.it\/?product=costume-di-carnevale-principessa-vampira#primaryimage"},"thumbnailUrl":"https:\/\/scarabokki.it\/wp-content\/uploads\/2025\/04\/h1830-000-12544.jpg","datePublished":"2025-04-26T11:27:35+00:00","dateModified":"2025-04-26T11:28:01+00:00","breadcrumb":{"@id":"https:\/\/scarabokki.it\/?product=costume-di-carnevale-principessa-vampira#breadcrumb"},"inLanguage":"it-IT","potentialAction":[{"@type":"ReadAction","target":["https:\/\/scarabokki.it\/?product=costume-di-carnevale-principessa-vampira"]}]},{"@type":"ImageObject","inLanguage":"it-IT","@id":"https:\/\/scarabokki.it\/?product=costume-di-carnevale-principessa-vampira#primaryimage","url":"https:\/\/scarabokki.it\/wp-content\/uploads\/2025\/04\/h1830-000-12544.jpg","contentUrl":"https:\/\/scarabokki.it\/wp-content\/uploads\/2025\/04\/h1830-000-12544.jpg","width":381,"height":522},{"@type":"BreadcrumbList","@id":"https:\/\/scarabokki.it\/?product=costume-di-carnevale-principessa-vampira#breadcrumb","itemListElement":[{"@type":"ListItem","position":1,"name":"Home","item":"https:\/\/scarabokki.it\/"},{"@type":"ListItem","position":2,"name":"Negozio","item":"https:\/\/scarabokki.it\/?page_id=9"},{"@type":"ListItem","position":3,"name":"costume di carnevale principessa vampira"}]},{"@type":"WebSite","@id":"https:\/\/scarabokki.it\/#website","url":"https:\/\/scarabokki.it\/","name":"Scarabokki","description":"Negozio di Abbigliamento Bambini e Donna","publisher":{"@id":"https:\/\/scarabokki.it\/#organization"},"potentialAction":[{"@type":"SearchAction","target":{"@type":"EntryPoint","urlTemplate":"https:\/\/scarabokki.it\/?s={search_term_string}"},"query-input":{"@type":"PropertyValueSpecification","valueRequired":true,"valueName":"search_term_string"}}],"inLanguage":"it-IT"},{"@type":"Organization","@id":"https:\/\/scarabokki.it\/#organization","name":"Scarabokki","url":"https:\/\/scarabokki.it\/","logo":{"@type":"ImageObject","inLanguage":"it-IT","@id":"https:\/\/scarabokki.it\/#\/schema\/logo\/image\/","url":"https:\/\/scarabokki.it\/wp-content\/uploads\/2026\/01\/immagine-logo-scarabokki-2.jpg","contentUrl":"https:\/\/scarabokki.it\/wp-content\/uploads\/2026\/01\/immagine-logo-scarabokki-2.jpg","width":897,"height":741,"caption":"Scarabokki"},"image":{"@id":"https:\/\/scarabokki.it\/#\/schema\/logo\/image\/"},"sameAs":["https:\/\/www.facebook.com\/ScarabokkiPolicoroBernalda","https:\/\/www.instagram.com\/scarabokkipolicorobernalda\/","https:\/\/www.tiktok.com\/@scarabokki.curvy?lang=it-IT"]}]}},"_links":{"self":[{"href":"https:\/\/scarabokki.it\/index.php?rest_route=\/wp\/v2\/product\/979904","targetHints":{"allow":["GET"]}}],"collection":[{"href":"https:\/\/scarabokki.it\/index.php?rest_route=\/wp\/v2\/product"}],"about":[{"href":"https:\/\/scarabokki.it\/index.php?rest_route=\/wp\/v2\/types\/product"}],"replies":[{"embeddable":true,"href":"https:\/\/scarabokki.it\/index.php?rest_route=%2Fwp%2Fv2%2Fcomments&post=979904"}],"wp:featuredmedia":[{"embeddable":true,"href":"https:\/\/scarabokki.it\/index.php?rest_route=\/wp\/v2\/media\/980100"}],"wp:attachment":[{"href":"https:\/\/scarabokki.it\/index.php?rest_route=%2Fwp%2Fv2%2Fmedia&parent=979904"}],"wp:term":[{"taxonomy":"product_brand","embeddable":true,"href":"https:\/\/scarabokki.it\/index.php?rest_route=%2Fwp%2Fv2%2Fproduct_brand&post=979904"},{"taxonomy":"product_cat","embeddable":true,"href":"https:\/\/scarabokki.it\/index.php?rest_route=%2Fwp%2Fv2%2Fproduct_cat&post=979904"},{"taxonomy":"product_tag","embeddable":true,"href":"https:\/\/scarabokki.it\/index.php?rest_route=%2Fwp%2Fv2%2Fproduct_tag&post=979904"}],"curies":[{"name":"wp","href":"https:\/\/api.w.org\/{rel}","templated":true}]}}