{"id":990659,"date":"2025-11-05T19:56:00","date_gmt":"2025-11-05T18:56:00","guid":{"rendered":"https:\/\/scarabokki.it\/?product=felpa-ragazza-nath-tuctuc"},"modified":"2025-11-05T19:56:27","modified_gmt":"2025-11-05T18:56:27","slug":"felpa-ragazza-nath-tuctuc","status":"publish","type":"product","link":"https:\/\/scarabokki.it\/?product=felpa-ragazza-nath-tuctuc","title":{"rendered":"felpa ragazza nath tuctuc"},"content":{"rendered":"<div class=\"producto-descripcion\" style=\"font-weight: 300;font-size: 18px;letter-spacing: 0.01em;line-height: 1.33;text-align: left;, sans-serif;font-style: normal;text-indent: 0px;text-transform: none\">Felpa da bambina in nero, con una sorprendente stampa rosa che forma la frase &#8220;Love Story&#8221; sul davanti. Realizzato in un tessuto morbido e confortevole, \u00e8 ideale per mantenere stile e calore in ogni occasione. Perfetto da abbinare a jeans, gonne o leggings, aggiungendo un tocco di fascino e divertimento all&#8217;outfit. Appartiene alla collezione Magic Poetry<br \/>Rif: KG07S303X1<br \/>tuc tuc nathkids<br \/>Sudadera para ni\u00f1a en color negro, con un llamativo estampado en rosa que forma la frase &#8220;Love Story&#8221; en la parte frontal. Confeccionada en un tejido suave y c\u00f3modo, es ideal para mantener el estilo y la calidez en cualquier ocasi\u00f3n. Perfecta para combinar con jeans, faldas o leggings, a\u00f1adiendo un toque de encanto y diversi\u00f3n al conjunto. Pertenece a la colecci\u00f3n Magic Poetry<\/p>\n<div class=\"product-reference\" style=\"margin-top: 0.5rem\"><label class=\"label\" style=\"margin-bottom: 0px\">Ref:<\/label><span>&nbsp;<\/span><span>KG07S303X1<\/span><\/div>\n<div class=\"product-reference\" style=\"margin-top: 0.5rem\">\n<div><label class=\"label\" style=\"margin-bottom: 0px\">Collezione:<\/label><span>&nbsp;<\/span><span>MAGIC POETRY<\/span><\/div>\n<\/div>\n<\/div>\n<div class=\"desplegables\" style=\"margin-top: 40px;, sans-serif;font-size: 16px;font-style: normal;font-weight: 400;letter-spacing: normal;text-align: left;text-indent: 0px;text-transform: none\">\n<div class=\"desplegable-item\" style=\"margin-bottom: 30px\">\n<h2 aria-expanded=\"true\" class=\"\" data-target=\"#composicion\" data-toggle=\"collapse\" style=\"margin-top: 0px;margin-bottom: 0.5rem;, sans-serif;font-weight: 400;line-height: 1.2;font-size: 14px;letter-spacing: 0.01em;text-align: left;text-transform: uppercase;padding: 6px 0px;align-items: center;cursor: pointer;position: relative\"><span>Composizione e manutenzione<\/span><\/h2>\n<div class=\"collapse show\" id=\"composicion\">75% COTONE, 25% POLIESTERE<\/div>\n<\/div>\n<div class=\"desplegable-item\" style=\"margin-bottom: 30px\">\n<h2 aria-expanded=\"true\" class=\"\" data-target=\"#envios\" data-toggle=\"collapse\" style=\"margin-top: 0px;margin-bottom: 0.5rem;, sans-serif;font-weight: 400;line-height: 1.2;font-size: 14px;letter-spacing: 0.01em;text-align: left;text-transform: uppercase;padding: 6px 0px;align-items: center;cursor: pointer;position: relative\"><span>Spedizione e resi<\/span><\/h2>\n<div class=\"collapse show\" id=\"envios\">\n<p style=\"margin-top: 0px;margin-bottom: 1rem\"><strong style=\"font-weight: bolder\">SPEDIZIONI<\/strong><\/p>\n<ul style=\"margin-bottom: 2rem;margin-top: 0px;padding-left: 1rem;margin-left: 1rem\">\n<li style=\"margin-bottom: 0.5rem\">SPEDIZIONE STANDARD: 9 &euro; (ordini inferiori a 79,9 &euro;) \/ GRATIS (ordini superiori a 79,9 &euro;)<\/li>\n<\/ul>\n<p style=\"margin-top: 0px;margin-bottom: 1rem\"><strong style=\"font-weight: bolder\">SOSTITUZIONI E RESI<\/strong><\/p>\n<p style=\"margin-top: 0px;margin-bottom: 1rem\">Le sostituzioni e i resi possono essere effettuati entro 14 giorni dal ricevimento dell\u2019ordine.<\/p>\n<\/div>\n<\/div>\n<\/div>\n<p>&nbsp;<\/p>\n","protected":false},"excerpt":{"rendered":"<p>Felpa da bambina in nero, con una sorprendente stampa rosa che forma la frase &#8220;Love Story&#8221; sul davanti. Realizzato in un tessuto morbido e confortevole, \u00e8 ideale per mantenere stile e calore in ogni occasione. Perfetto da abbinare a jeans, gonne o leggings, aggiungendo un tocco di fascino e divertimento all&#8217;outfit. Appartiene alla collezione Magic [&hellip;]<\/p>\n","protected":false},"featured_media":990800,"comment_status":"open","ping_status":"closed","template":"","meta":{"_exactmetrics_skip_tracking":false,"_exactmetrics_sitenote_active":false,"_exactmetrics_sitenote_note":"","_exactmetrics_sitenote_category":0},"product_brand":[],"product_cat":[1200,1226,1227],"product_tag":[],"class_list":{"0":"post-990659","1":"product","2":"type-product","3":"status-publish","4":"has-post-thumbnail","6":"product_cat-bambina","7":"product_cat-bambina-8-16","8":"product_cat-maglie-bambina-8-16","10":"first","11":"instock","12":"sale","13":"shipping-taxable","14":"purchasable","15":"product-type-variable"},"yoast_head":"<!-- This site is optimized with the Yoast SEO plugin v27.3 - https:\/\/yoast.com\/product\/yoast-seo-wordpress\/ -->\n<title>felpa ragazza nath tuctuc - Scarabokki<\/title>\n<meta name=\"robots\" content=\"index, follow, max-snippet:-1, max-image-preview:large, max-video-preview:-1\" \/>\n<link rel=\"canonical\" href=\"https:\/\/scarabokki.it\/?product=felpa-ragazza-nath-tuctuc\" \/>\n<meta property=\"og:locale\" content=\"it_IT\" \/>\n<meta property=\"og:type\" content=\"article\" \/>\n<meta property=\"og:title\" content=\"felpa ragazza nath tuctuc - Scarabokki\" \/>\n<meta property=\"og:description\" content=\"Felpa da bambina in nero, con una sorprendente stampa rosa che forma la frase &#8220;Love Story&#8221; sul davanti. Realizzato in un tessuto morbido e confortevole, \u00e8 ideale per mantenere stile e calore in ogni occasione. Perfetto da abbinare a jeans, gonne o leggings, aggiungendo un tocco di fascino e divertimento all&#8217;outfit. Appartiene alla collezione Magic [&hellip;]\" \/>\n<meta property=\"og:url\" content=\"https:\/\/scarabokki.it\/?product=felpa-ragazza-nath-tuctuc\" \/>\n<meta property=\"og:site_name\" content=\"Scarabokki\" \/>\n<meta property=\"article:publisher\" content=\"https:\/\/www.facebook.com\/ScarabokkiPolicoroBernalda\" \/>\n<meta property=\"article:modified_time\" content=\"2025-11-05T18:56:27+00:00\" \/>\n<meta property=\"og:image\" content=\"https:\/\/scarabokki.it\/wp-content\/uploads\/2026\/01\/immagine-logo-scarabokki-2.jpg\" \/>\n\t<meta property=\"og:image:width\" content=\"897\" \/>\n\t<meta property=\"og:image:height\" content=\"741\" \/>\n\t<meta property=\"og:image:type\" content=\"image\/jpeg\" \/>\n<meta name=\"twitter:card\" content=\"summary_large_image\" \/>\n<meta name=\"twitter:label1\" content=\"Tempo di lettura stimato\" \/>\n\t<meta name=\"twitter:data1\" content=\"1 minuto\" \/>\n<script type=\"application\/ld+json\" class=\"yoast-schema-graph\">{\"@context\":\"https:\\\/\\\/schema.org\",\"@graph\":[{\"@type\":\"WebPage\",\"@id\":\"https:\\\/\\\/scarabokki.it\\\/?product=felpa-ragazza-nath-tuctuc\",\"url\":\"https:\\\/\\\/scarabokki.it\\\/?product=felpa-ragazza-nath-tuctuc\",\"name\":\"felpa ragazza nath tuctuc - Scarabokki\",\"isPartOf\":{\"@id\":\"https:\\\/\\\/scarabokki.it\\\/#website\"},\"primaryImageOfPage\":{\"@id\":\"https:\\\/\\\/scarabokki.it\\\/?product=felpa-ragazza-nath-tuctuc#primaryimage\"},\"image\":{\"@id\":\"https:\\\/\\\/scarabokki.it\\\/?product=felpa-ragazza-nath-tuctuc#primaryimage\"},\"thumbnailUrl\":\"https:\\\/\\\/scarabokki.it\\\/wp-content\\\/uploads\\\/2025\\\/11\\\/kg07s303x1-000-16175.jpg\",\"datePublished\":\"2025-11-05T18:56:00+00:00\",\"dateModified\":\"2025-11-05T18:56:27+00:00\",\"breadcrumb\":{\"@id\":\"https:\\\/\\\/scarabokki.it\\\/?product=felpa-ragazza-nath-tuctuc#breadcrumb\"},\"inLanguage\":\"it-IT\",\"potentialAction\":[{\"@type\":\"ReadAction\",\"target\":[\"https:\\\/\\\/scarabokki.it\\\/?product=felpa-ragazza-nath-tuctuc\"]}]},{\"@type\":\"ImageObject\",\"inLanguage\":\"it-IT\",\"@id\":\"https:\\\/\\\/scarabokki.it\\\/?product=felpa-ragazza-nath-tuctuc#primaryimage\",\"url\":\"https:\\\/\\\/scarabokki.it\\\/wp-content\\\/uploads\\\/2025\\\/11\\\/kg07s303x1-000-16175.jpg\",\"contentUrl\":\"https:\\\/\\\/scarabokki.it\\\/wp-content\\\/uploads\\\/2025\\\/11\\\/kg07s303x1-000-16175.jpg\",\"width\":487,\"height\":733},{\"@type\":\"BreadcrumbList\",\"@id\":\"https:\\\/\\\/scarabokki.it\\\/?product=felpa-ragazza-nath-tuctuc#breadcrumb\",\"itemListElement\":[{\"@type\":\"ListItem\",\"position\":1,\"name\":\"Home\",\"item\":\"https:\\\/\\\/scarabokki.it\\\/\"},{\"@type\":\"ListItem\",\"position\":2,\"name\":\"Negozio\",\"item\":\"https:\\\/\\\/scarabokki.it\\\/?page_id=9\"},{\"@type\":\"ListItem\",\"position\":3,\"name\":\"felpa ragazza nath tuctuc\"}]},{\"@type\":\"WebSite\",\"@id\":\"https:\\\/\\\/scarabokki.it\\\/#website\",\"url\":\"https:\\\/\\\/scarabokki.it\\\/\",\"name\":\"Scarabokki\",\"description\":\"Negozio di Abbigliamento Bambini e Donna\",\"publisher\":{\"@id\":\"https:\\\/\\\/scarabokki.it\\\/#organization\"},\"potentialAction\":[{\"@type\":\"SearchAction\",\"target\":{\"@type\":\"EntryPoint\",\"urlTemplate\":\"https:\\\/\\\/scarabokki.it\\\/?s={search_term_string}\"},\"query-input\":{\"@type\":\"PropertyValueSpecification\",\"valueRequired\":true,\"valueName\":\"search_term_string\"}}],\"inLanguage\":\"it-IT\"},{\"@type\":\"Organization\",\"@id\":\"https:\\\/\\\/scarabokki.it\\\/#organization\",\"name\":\"Scarabokki\",\"url\":\"https:\\\/\\\/scarabokki.it\\\/\",\"logo\":{\"@type\":\"ImageObject\",\"inLanguage\":\"it-IT\",\"@id\":\"https:\\\/\\\/scarabokki.it\\\/#\\\/schema\\\/logo\\\/image\\\/\",\"url\":\"https:\\\/\\\/scarabokki.it\\\/wp-content\\\/uploads\\\/2026\\\/01\\\/immagine-logo-scarabokki-2.jpg\",\"contentUrl\":\"https:\\\/\\\/scarabokki.it\\\/wp-content\\\/uploads\\\/2026\\\/01\\\/immagine-logo-scarabokki-2.jpg\",\"width\":897,\"height\":741,\"caption\":\"Scarabokki\"},\"image\":{\"@id\":\"https:\\\/\\\/scarabokki.it\\\/#\\\/schema\\\/logo\\\/image\\\/\"},\"sameAs\":[\"https:\\\/\\\/www.facebook.com\\\/ScarabokkiPolicoroBernalda\",\"https:\\\/\\\/www.instagram.com\\\/scarabokkipolicorobernalda\\\/\",\"https:\\\/\\\/www.tiktok.com\\\/@scarabokki.curvy?lang=it-IT\"]}]}<\/script>\n<!-- \/ Yoast SEO plugin. -->","yoast_head_json":{"title":"felpa ragazza nath tuctuc - Scarabokki","robots":{"index":"index","follow":"follow","max-snippet":"max-snippet:-1","max-image-preview":"max-image-preview:large","max-video-preview":"max-video-preview:-1"},"canonical":"https:\/\/scarabokki.it\/?product=felpa-ragazza-nath-tuctuc","og_locale":"it_IT","og_type":"article","og_title":"felpa ragazza nath tuctuc - Scarabokki","og_description":"Felpa da bambina in nero, con una sorprendente stampa rosa che forma la frase &#8220;Love Story&#8221; sul davanti. Realizzato in un tessuto morbido e confortevole, \u00e8 ideale per mantenere stile e calore in ogni occasione. Perfetto da abbinare a jeans, gonne o leggings, aggiungendo un tocco di fascino e divertimento all&#8217;outfit. Appartiene alla collezione Magic [&hellip;]","og_url":"https:\/\/scarabokki.it\/?product=felpa-ragazza-nath-tuctuc","og_site_name":"Scarabokki","article_publisher":"https:\/\/www.facebook.com\/ScarabokkiPolicoroBernalda","article_modified_time":"2025-11-05T18:56:27+00:00","og_image":[{"width":897,"height":741,"url":"https:\/\/scarabokki.it\/wp-content\/uploads\/2026\/01\/immagine-logo-scarabokki-2.jpg","type":"image\/jpeg"}],"twitter_card":"summary_large_image","twitter_misc":{"Tempo di lettura stimato":"1 minuto"},"schema":{"@context":"https:\/\/schema.org","@graph":[{"@type":"WebPage","@id":"https:\/\/scarabokki.it\/?product=felpa-ragazza-nath-tuctuc","url":"https:\/\/scarabokki.it\/?product=felpa-ragazza-nath-tuctuc","name":"felpa ragazza nath tuctuc - Scarabokki","isPartOf":{"@id":"https:\/\/scarabokki.it\/#website"},"primaryImageOfPage":{"@id":"https:\/\/scarabokki.it\/?product=felpa-ragazza-nath-tuctuc#primaryimage"},"image":{"@id":"https:\/\/scarabokki.it\/?product=felpa-ragazza-nath-tuctuc#primaryimage"},"thumbnailUrl":"https:\/\/scarabokki.it\/wp-content\/uploads\/2025\/11\/kg07s303x1-000-16175.jpg","datePublished":"2025-11-05T18:56:00+00:00","dateModified":"2025-11-05T18:56:27+00:00","breadcrumb":{"@id":"https:\/\/scarabokki.it\/?product=felpa-ragazza-nath-tuctuc#breadcrumb"},"inLanguage":"it-IT","potentialAction":[{"@type":"ReadAction","target":["https:\/\/scarabokki.it\/?product=felpa-ragazza-nath-tuctuc"]}]},{"@type":"ImageObject","inLanguage":"it-IT","@id":"https:\/\/scarabokki.it\/?product=felpa-ragazza-nath-tuctuc#primaryimage","url":"https:\/\/scarabokki.it\/wp-content\/uploads\/2025\/11\/kg07s303x1-000-16175.jpg","contentUrl":"https:\/\/scarabokki.it\/wp-content\/uploads\/2025\/11\/kg07s303x1-000-16175.jpg","width":487,"height":733},{"@type":"BreadcrumbList","@id":"https:\/\/scarabokki.it\/?product=felpa-ragazza-nath-tuctuc#breadcrumb","itemListElement":[{"@type":"ListItem","position":1,"name":"Home","item":"https:\/\/scarabokki.it\/"},{"@type":"ListItem","position":2,"name":"Negozio","item":"https:\/\/scarabokki.it\/?page_id=9"},{"@type":"ListItem","position":3,"name":"felpa ragazza nath tuctuc"}]},{"@type":"WebSite","@id":"https:\/\/scarabokki.it\/#website","url":"https:\/\/scarabokki.it\/","name":"Scarabokki","description":"Negozio di Abbigliamento Bambini e Donna","publisher":{"@id":"https:\/\/scarabokki.it\/#organization"},"potentialAction":[{"@type":"SearchAction","target":{"@type":"EntryPoint","urlTemplate":"https:\/\/scarabokki.it\/?s={search_term_string}"},"query-input":{"@type":"PropertyValueSpecification","valueRequired":true,"valueName":"search_term_string"}}],"inLanguage":"it-IT"},{"@type":"Organization","@id":"https:\/\/scarabokki.it\/#organization","name":"Scarabokki","url":"https:\/\/scarabokki.it\/","logo":{"@type":"ImageObject","inLanguage":"it-IT","@id":"https:\/\/scarabokki.it\/#\/schema\/logo\/image\/","url":"https:\/\/scarabokki.it\/wp-content\/uploads\/2026\/01\/immagine-logo-scarabokki-2.jpg","contentUrl":"https:\/\/scarabokki.it\/wp-content\/uploads\/2026\/01\/immagine-logo-scarabokki-2.jpg","width":897,"height":741,"caption":"Scarabokki"},"image":{"@id":"https:\/\/scarabokki.it\/#\/schema\/logo\/image\/"},"sameAs":["https:\/\/www.facebook.com\/ScarabokkiPolicoroBernalda","https:\/\/www.instagram.com\/scarabokkipolicorobernalda\/","https:\/\/www.tiktok.com\/@scarabokki.curvy?lang=it-IT"]}]}},"_links":{"self":[{"href":"https:\/\/scarabokki.it\/index.php?rest_route=\/wp\/v2\/product\/990659","targetHints":{"allow":["GET"]}}],"collection":[{"href":"https:\/\/scarabokki.it\/index.php?rest_route=\/wp\/v2\/product"}],"about":[{"href":"https:\/\/scarabokki.it\/index.php?rest_route=\/wp\/v2\/types\/product"}],"replies":[{"embeddable":true,"href":"https:\/\/scarabokki.it\/index.php?rest_route=%2Fwp%2Fv2%2Fcomments&post=990659"}],"wp:featuredmedia":[{"embeddable":true,"href":"https:\/\/scarabokki.it\/index.php?rest_route=\/wp\/v2\/media\/990800"}],"wp:attachment":[{"href":"https:\/\/scarabokki.it\/index.php?rest_route=%2Fwp%2Fv2%2Fmedia&parent=990659"}],"wp:term":[{"taxonomy":"product_brand","embeddable":true,"href":"https:\/\/scarabokki.it\/index.php?rest_route=%2Fwp%2Fv2%2Fproduct_brand&post=990659"},{"taxonomy":"product_cat","embeddable":true,"href":"https:\/\/scarabokki.it\/index.php?rest_route=%2Fwp%2Fv2%2Fproduct_cat&post=990659"},{"taxonomy":"product_tag","embeddable":true,"href":"https:\/\/scarabokki.it\/index.php?rest_route=%2Fwp%2Fv2%2Fproduct_tag&post=990659"}],"curies":[{"name":"wp","href":"https:\/\/api.w.org\/{rel}","templated":true}]}}